{"id":79102,"date":"2021-05-26T12:18:33","date_gmt":"2021-05-26T10:18:39","guid":{"rendered":"https:\/\/www.chimneycowls.eu\/?post_type=product&#038;p=79102"},"modified":"2021-05-26T12:52:54","modified_gmt":"2021-05-26T10:52:54","slug":"dragforbattrare-rostfri-copy","status":"publish","type":"product","link":"https:\/\/www.chimneycowls.eu\/sv\/produkt\/dragforbattrare-rostfri-copy\/","title":{"rendered":"Dragf\u00f6rb\u00e4ttrare rostfri 1 PALLET"},"content":{"rendered":"<h2>BESKRIVNING<\/h2>\n<p>Exempel p\u00e5 anv\u00e4ndningsomr\u00e5den:<\/p>\n<p>\u2013 Att \u00f6ka sj\u00e4lvdrag fr\u00e5n t.ex. badrum och k\u00f6k dvs. minska lukt- och fuktproblem.<br \/>\n\u2013 Minskar problemet med sv\u00e5rt\u00e4nd eldstad, t ex. \u00f6ppen spis.<br \/>\n\u2013 M\u00f6jligg\u00f6r ett skorstensdrag n\u00e4r skorstenen \u00e4r utsatt f\u00f6r omfattande vindar.<br \/>\n\u2013 Att skapa luftv\u00e4xling i k\u00e4llare n\u00e4r pannan \u00e4r bortkopplad.<br \/>\n\u2013 Att skapa luftcirkulation i periodvis st\u00e4ngda sportstugor\/fritidshus dvs. minskar risken f\u00f6r m\u00f6geltillv\u00e4xt och s\u00e5 kallad unken luft.<br \/>\n\u2013 Soprumsevakuering.<br \/>\n\u2013 Evakuering av vindar, loft och takkonstruktioner.<br \/>\n\u2013 Ventilering av radongrunder.<\/p>\n","protected":false},"excerpt":{"rendered":"<p>Dragf\u00f6rb\u00e4ttrare \u00e4r en vindriven roterande skorstenssnurra som skapar en upp\u00e5triktad luftstr\u00f6m i kanalen. Detta m\u00f6jligg\u00f6r p\u00e5 ett enkelt s\u00e4tt att man kan f\u00e5 b\u00e4ttre drag f\u00f6r att ventilera bort r\u00f6kgaser och d\u00e5lig luft. Effekten av produkten styrs helt av g\u00e4llande vindhastighet.<\/p>\n<p>Snurran \u00e4r konstruerad med mycket l\u00e4ttg\u00e5ende lager f\u00f6r att f\u00f6r att uppn\u00e5 effekt redan vid l\u00e5ga vindhastigheter. Vid eldning kan den i m\u00e5nga fall avhj\u00e4lpa problemen med d\u00e5ligt drag och d\u00e4rmed f\u00f6rs\u00e4mrad f\u00f6rbr\u00e4nning.<\/p>\n<p>Den roterande delen \u00e4r av rostfritt st\u00e5l och det slutna lagret klarar temperaturer upp till 250 grader.<\/p>\n<p>1 PALLET 96 PCS \u00d884mm\/3.3&#8221; | 1 PALLET 96 PCS \u00d8104mm\/4.1&#8221; | 1 PALLET 96 PCS \u00d8124mm\/4.9&#8221; | 1 PALLET 96 PCS \u00d8129mm\/5.1&#8221; | 1 PALLET 96 PCS \u00d8134mm\/5.4&#8221; | 1 PALLET 96 PCS \u00d8154mm\/6.1&#8221; | 1 PALLET 96 PCS \u00d8164mm\/6.5&#8221; | 1 PALLET 96 PCS \u00d8184mm\/7.2&#8221; | 1 PALLET 96 PCS \u00d8204mm\/8&#8221; | 1 PALLET 30 PCS \u00d8234mm\/9.2&#8221; | 1 PALLET 30 PCS \u00d8254mm\/10&#8221; | 1 PALLET 30 PCS \u00d8304mm\/11.1&#8221; | 1 PALLET 30 PCS \u00d8354mm\/13,9&#8221;<\/p>\n<p><strong>Fri frakt<\/strong><\/p>\n<p>EUROPA-Leveranstiden \u00e4r 5-13 vardagar<\/p>\n<p><strong>Tryck\u00a0<a href=\"https:\/\/www.chimneycowls.eu\/wp-content\/uploads\/2015\/pdf\/Laboratory-measurements-of-the-efficiency-of-the-spinner-cowl-2.pdf\" target=\"_blank\" rel=\"noopener noreferrer\">h\u00e4r\u00a0<\/a>f\u00f6r tekniska detaljer<\/strong><\/p>\n<p><strong>Tryck\u00a0<a href=\"https:\/\/www.youtube.com\/watch?v=dHe3dupNHWM\" target=\"_blank\" rel=\"noopener noreferrer\">h\u00e4r<\/a>\u00a0f\u00f6r Video<\/strong><\/p>\n","protected":false},"featured_media":69207,"template":"","meta":{"_acf_changed":false},"product_cat":[59],"product_tag":[317,327,320,321,318,326,325,319,324,323,322],"class_list":{"0":"post-79102","1":"product","2":"type-product","3":"status-publish","4":"has-post-thumbnail","6":"product_cat-chimneyrkhuvarroundbase","7":"product_tag-aspirateur-de-fumee-eolien-sv","8":"product_tag-cappello-eolico-inox-per-scarico-fumi-sv","9":"product_tag-draaikap-rvs-turbo-sv","10":"product_tag-extracteur-de-fumees-rotatif-eolien-en-inox-sv","11":"product_tag-girandola-inox-sv","12":"product_tag-kominova-odvetravaci-hlavice-sv","13":"product_tag-obrotowa-nasada-kominowa-sv","14":"product_tag-obrotowe-nasady-kominowe-sv","15":"product_tag-palarie-rotativa-din-inox-sv","16":"product_tag-palarii-cos-fum-inox-sv","17":"product_tag-sombrerete-aspirador-giratorio-turbo-sv","19":"first","20":"instock","21":"taxable","22":"shipping-taxable","23":"purchasable","24":"product-type-variable","25":"has-default-attributes"},"acf":[],"_links":{"self":[{"href":"https:\/\/www.chimneycowls.eu\/sv\/wp-json\/wp\/v2\/product\/79102"}],"collection":[{"href":"https:\/\/www.chimneycowls.eu\/sv\/wp-json\/wp\/v2\/product"}],"about":[{"href":"https:\/\/www.chimneycowls.eu\/sv\/wp-json\/wp\/v2\/types\/product"}],"wp:featuredmedia":[{"embeddable":true,"href":"https:\/\/www.chimneycowls.eu\/sv\/wp-json\/wp\/v2\/media\/69207"}],"wp:attachment":[{"href":"https:\/\/www.chimneycowls.eu\/sv\/wp-json\/wp\/v2\/media?parent=79102"}],"wp:term":[{"taxonomy":"product_cat","embeddable":true,"href":"https:\/\/www.chimneycowls.eu\/sv\/wp-json\/wp\/v2\/product_cat?post=79102"},{"taxonomy":"product_tag","embeddable":true,"href":"https:\/\/www.chimneycowls.eu\/sv\/wp-json\/wp\/v2\/product_tag?post=79102"}],"curies":[{"name":"wp","href":"https:\/\/api.w.org\/{rel}","templated":true}]}}