{"id":68841,"date":"2015-08-22T08:45:22","date_gmt":"2015-08-22T08:45:22","guid":{"rendered":"http:\/\/www.chimneycowls.eu\/product\/static-anti-draft-chimney-cowl__trashed-2-2\/"},"modified":"2021-02-19T14:28:20","modified_gmt":"2021-02-19T12:28:20","slug":"regnhuv-foer-roekroerkaminroer","status":"publish","type":"product","link":"https:\/\/www.chimneycowls.eu\/sv\/produkt\/regnhuv-foer-roekroerkaminroer\/","title":{"rendered":"Regnhuv f\u00f6r r\u00f6kr\u00f6r\/kaminr\u00f6r"},"content":{"rendered":"<ul>\n<li>Temperatur upp till 400 grader.<\/li>\n<li>R\u00f6rdiameter 100-350<\/li>\n<li>certifikat (CE): (\u0395\u039b\u039f\u03a4 EN1856.01 \u2013 2010); (\u0395\u039b\u039f\u03a4 EN1856.02 \u2013 2009)<\/li>\n<li>Rostfritt st\u00e5l<\/li>\n<li>Tillverkad i EU-Nya<\/li>\n<li>Tillverkare: KAMINAS HELLAS<\/li>\n<li>F\u00f6rb\u00e4ttra ventilationen<\/li>\n<li>Fri frakt<\/li>\n<\/ul>\n","protected":false},"excerpt":{"rendered":"<p>Regnhuvar s\u00e4tts h\u00f6gst upp p\u00e5 skorstenen f\u00f6r att f\u00f6rhindra att sn\u00f6 och v\u00e4ta kommer in i skorstenen samt minskar vinddraget in i skorstenen (vilket kan p\u00e5verka f\u00f6rbr\u00e4nningen)<\/p>\n<p>Free Shipping \u00a0\u00a0<strong>EU: 5-13 working days.<\/strong><\/p>\n","protected":false},"featured_media":67952,"template":"","meta":{"_acf_changed":false},"product_cat":[59],"product_tag":[],"class_list":{"0":"post-68841","1":"product","2":"type-product","3":"status-publish","4":"has-post-thumbnail","6":"product_cat-chimneyrkhuvarroundbase","8":"first","9":"instock","10":"taxable","11":"shipping-taxable","12":"purchasable","13":"product-type-variable","14":"has-default-attributes"},"acf":[],"_links":{"self":[{"href":"https:\/\/www.chimneycowls.eu\/sv\/wp-json\/wp\/v2\/product\/68841"}],"collection":[{"href":"https:\/\/www.chimneycowls.eu\/sv\/wp-json\/wp\/v2\/product"}],"about":[{"href":"https:\/\/www.chimneycowls.eu\/sv\/wp-json\/wp\/v2\/types\/product"}],"wp:featuredmedia":[{"embeddable":true,"href":"https:\/\/www.chimneycowls.eu\/sv\/wp-json\/wp\/v2\/media\/67952"}],"wp:attachment":[{"href":"https:\/\/www.chimneycowls.eu\/sv\/wp-json\/wp\/v2\/media?parent=68841"}],"wp:term":[{"taxonomy":"product_cat","embeddable":true,"href":"https:\/\/www.chimneycowls.eu\/sv\/wp-json\/wp\/v2\/product_cat?post=68841"},{"taxonomy":"product_tag","embeddable":true,"href":"https:\/\/www.chimneycowls.eu\/sv\/wp-json\/wp\/v2\/product_tag?post=68841"}],"curies":[{"name":"wp","href":"https:\/\/api.w.org\/{rel}","templated":true}]}}