{"id":68744,"date":"2016-10-01T09:33:17","date_gmt":"2016-10-01T09:33:17","guid":{"rendered":"http:\/\/www.chimneycowls.eu\/product\/spinner-anti-draft-chimney-cowl-2-2\/"},"modified":"2019-06-15T10:18:03","modified_gmt":"2019-06-15T08:18:03","slug":"spinner-anti-draft-chimney-cowl-2","status":"publish","type":"product","link":"https:\/\/www.chimneycowls.eu\/sv\/produkt\/spinner-anti-draft-chimney-cowl-2\/","title":{"rendered":"Skorstensventilator  p\u00e5 platta  Produkter som f\u00f6rb\u00e4ttrar drag i r\u00f6k och ventilationskanaler"},"content":{"rendered":"<ul>\n<li>Den roterande delen \u00e4r av stainless steel<\/li>\n<li>Spindeloljan t\u00e5l temperatur upp till 250\u00a0grader.<\/li>\n<li>R\u00f6rdiameter 100mm-350mm<\/li>\n<li>certifikat (CE): (\u0395\u039b\u039f\u03a4 EN1856.01 &#8211; 2010); (\u0395\u039b\u039f\u03a4 EN1856.02 &#8211; 2009)<\/li>\n<li>Rostfritt st\u00e5l<\/li>\n<li>Tillverkad i EU-Nya<\/li>\n<li>Tillverkare:\u00a0KAMINAS HELLAS<\/li>\n<li>F\u00f6rb\u00e4ttra ventilationen med en vindventilator.<\/li>\n<\/ul>\n<p>Exampel p\u00e5 anv\u00e4ndningsomr\u00e5den:<\/p>\n<ul>\n<li>Att \u00f6ka sj\u00e4lvdrag fr\u00e5n t.ex. badrum och k\u00f6k dvs. minska lukt- och fuktproblem.<\/li>\n<li>Minskar problemet med sv\u00e5rt\u00e4nd eldstad, t ex. \u00f6ppen spis.<\/li>\n<li>M\u00f6jligg\u00f6r ett skorstensdrag n\u00e4r skorstenen \u00e4r utsatt f\u00f6r omfattande vindar. \u2022 Att skapa luftv\u00e4xling i k\u00e4llare n\u00e4r pannan \u00e4r bortkopplad.<\/li>\n<li>Att skapa luftcirkulation i periodvis st\u00e4ngda sportstugor\/fritidshus dvs. minskar risken f\u00f6r m\u00f6geltillv\u00e4xt och s\u00e5 kallad unken luft.<\/li>\n<li>Soprumsevakuering.<\/li>\n<li>Evakuering av vindar, loft och takkonstruktioner.<\/li>\n<li>Fri frakt<\/li>\n<\/ul>\n<p>\u2022 Ventilering av radongrunder.<\/p>\n","protected":false},"excerpt":{"rendered":"<p>Skorsten Ventilator \u00e4r en vinddriven roterande ventilator som skapar en upp\u00e5triktad luftstr\u00f6m i kanalen, vilket effektivt ventilerar bort r\u00f6kgaser och d\u00e5lig luft. Effekten av produkten styrs helt av g\u00e4llande vindhastighet.<\/p>\n<p>En Vindventilator \u00e4r en fl\u00e4kt som fungerar med vindkraft, effektiverar ventilationen i lagerutrymmen, torrtoaletter, badrum, avluftningen genom huset eller andra utrymmen som beh\u00f6ver f\u00f6rb\u00e4ttra ventilation.<\/p>\n<p>En god ventilation motverkar fukt, lukt, m\u00f6gel.<\/p>\n<p>Vindventilatorn \u00e4r tillverkad av stainless steel och tack vare de l\u00e4ttr\u00f6rliga lagren fungerar fl\u00e4kten \u00e4ven vid svag vind och effektiverar i h\u00f6g grad ventilationen. Vindventilatorn passar direkt i ett r\u00f6r p\u00e5 . Vindventilatorns utformning g\u00f6r att dess funktion \u00e4r oberoende av vindriktningen.<\/p>\n<p><strong>Fri frakt<\/strong><\/p>\n<p>EUROPA-Leveranstiden \u00e4r 5-13 vardagar<\/p>\n<p><strong>Tryck <a href=\"https:\/\/www.chimneycowls.eu\/wp-content\/uploads\/2015\/pdf\/Laboratory-measurements-of-the-efficiency-of-the-spinner-cowl-2.pdf\" target=\"_blank\" rel=\"noopener noreferrer\">h\u00e4r <\/a>f\u00f6r tekniska detaljer<\/strong><\/p>\n<p><strong>Tryck <a href=\"https:\/\/www.youtube.com\/watch?v=dHe3dupNHWM\" target=\"_blank\" rel=\"noopener noreferrer\">h\u00e4r<\/a> f\u00f6r Video<\/strong><\/p>\n","protected":false},"featured_media":71862,"template":"","meta":{"_acf_changed":false},"product_cat":[90],"product_tag":[],"class_list":{"0":"post-68744","1":"product","2":"type-product","3":"status-publish","4":"has-post-thumbnail","6":"product_cat-chimneyrkhuvarmedplate","8":"first","9":"instock","10":"taxable","11":"shipping-taxable","12":"purchasable","13":"product-type-variable","14":"has-default-attributes"},"acf":[],"_links":{"self":[{"href":"https:\/\/www.chimneycowls.eu\/sv\/wp-json\/wp\/v2\/product\/68744"}],"collection":[{"href":"https:\/\/www.chimneycowls.eu\/sv\/wp-json\/wp\/v2\/product"}],"about":[{"href":"https:\/\/www.chimneycowls.eu\/sv\/wp-json\/wp\/v2\/types\/product"}],"wp:featuredmedia":[{"embeddable":true,"href":"https:\/\/www.chimneycowls.eu\/sv\/wp-json\/wp\/v2\/media\/71862"}],"wp:attachment":[{"href":"https:\/\/www.chimneycowls.eu\/sv\/wp-json\/wp\/v2\/media?parent=68744"}],"wp:term":[{"taxonomy":"product_cat","embeddable":true,"href":"https:\/\/www.chimneycowls.eu\/sv\/wp-json\/wp\/v2\/product_cat?post=68744"},{"taxonomy":"product_tag","embeddable":true,"href":"https:\/\/www.chimneycowls.eu\/sv\/wp-json\/wp\/v2\/product_tag?post=68744"}],"curies":[{"name":"wp","href":"https:\/\/api.w.org\/{rel}","templated":true}]}}