{"id":79088,"date":"2021-05-26T12:18:33","date_gmt":"2021-05-26T10:18:38","guid":{"rendered":"https:\/\/www.chimneycowls.eu\/?post_type=product&#038;p=79088"},"modified":"2021-05-26T12:54:07","modified_gmt":"2021-05-26T10:54:07","slug":"palarii-cos-fum-inox-copy","status":"publish","type":"product","link":"https:\/\/www.chimneycowls.eu\/ro\/produs\/palarii-cos-fum-inox-copy\/","title":{"rendered":"P\u0102L\u0102RII CO\u0218 FUM INOX 1 PALLET"},"content":{"rendered":"","protected":false},"excerpt":{"rendered":"<p>P\u0103l\u0103rie rotativ\u0103 din inox utilizeaz\u0103 for\u021ba v\u00e2ntului pentru a \u00eembun\u0103t\u0103\u021bi tirajul co\u0219ului.\u201dTurbina\u201d rote\u0219te \u00eentotdeauna \u00een aceea\u0219i direc\u021bie, independent de for\u021ba \u0219i direc\u021bia v\u00e2ntului. Astfel creaz\u0103 condi\u021bii pentru o ardere ideal\u0103 \u0219i \u00een afar\u0103 de aceasta protejeaz\u0103 co\u0219ul de fum de la influen\u021be externe, cum ar fi ploaie sau z\u0103pad\u0103. Toata gama de p\u0103l\u0103rii rotative sunt certificate cu CE.<\/p>\n<p>1 PALLET 96 PCS \u00d884mm\/3.3&#8221; | 1 PALLET 96 PCS \u00d8104mm\/4.1&#8221; | 1 PALLET 96 PCS \u00d8124mm\/4.9&#8221; | 1 PALLET 96 PCS \u00d8129mm\/5.1&#8221; | 1 PALLET 96 PCS \u00d8134mm\/5.4&#8221; | 1 PALLET 96 PCS \u00d8154mm\/6.1&#8221; | 1 PALLET 96 PCS \u00d8164mm\/6.5&#8221; | 1 PALLET 96 PCS \u00d8184mm\/7.2&#8221; | 1 PALLET 96 PCS \u00d8204mm\/8&#8221; | 1 PALLET 30 PCS \u00d8234mm\/9.2&#8221; | 1 PALLET 30 PCS \u00d8254mm\/10&#8221; | 1 PALLET 30 PCS \u00d8304mm\/11.1&#8221; | 1 PALLET 30 PCS \u00d8354mm\/13,9&#8221;<\/p>\n<ul>\n<li>TVA &amp; pre\u021bul de livrare inclus<\/li>\n<li><strong>Postage to<\/strong>: Only to Europe<\/li>\n<li><strong>EU: 5-14 working days<\/strong><\/li>\n<\/ul>\n<p><strong>Press\u00a0<a href=\"https:\/\/www.chimneycowls.eu\/wp-content\/uploads\/2015\/pdf\/Laboratory-measurements-of-the-efficiency-of-the-spinner-cowl-2.pdf\" target=\"_blank\" rel=\"noopener noreferrer\">here\u00a0<\/a>for\u00a0technical details<\/strong><\/p>\n<p><strong>Press\u00a0<a href=\"https:\/\/www.youtube.com\/watch?v=PKUh4WHcbf0\" target=\"_blank\" rel=\"noopener noreferrer\">here\u00a0<\/a>for\u00a0Video<\/strong><\/p>\n","protected":false},"featured_media":75463,"template":"","meta":{"_acf_changed":false},"product_cat":[255],"product_tag":[259,336,329,330,328,335,334,262,333,332,331],"class_list":{"0":"post-79088","1":"product","2":"type-product","3":"status-publish","4":"has-post-thumbnail","6":"product_cat-capotele-chimney-runda-base","7":"product_tag-aspirateur-de-fumee-eolien-ro","8":"product_tag-cappello-eolico-inox-per-scarico-fumi-ro","9":"product_tag-draaikap-rvs-turbo-ro","10":"product_tag-extracteur-de-fumees-rotatif-eolien-en-inox-ro","11":"product_tag-girandola-inox-ro","12":"product_tag-kominova-odvetravaci-hlavice-ro","13":"product_tag-obrotowa-nasada-kominowa-ro","14":"product_tag-obrotowe-nasady-kominowe-ro","15":"product_tag-palarie-rotativa-din-inox-ro","16":"product_tag-palarii-cos-fum-inox-ro","17":"product_tag-sombrerete-aspirador-giratorio-turbo-ro","19":"first","20":"instock","21":"taxable","22":"shipping-taxable","23":"purchasable","24":"product-type-variable","25":"has-default-attributes"},"acf":[],"_links":{"self":[{"href":"https:\/\/www.chimneycowls.eu\/ro\/wp-json\/wp\/v2\/product\/79088"}],"collection":[{"href":"https:\/\/www.chimneycowls.eu\/ro\/wp-json\/wp\/v2\/product"}],"about":[{"href":"https:\/\/www.chimneycowls.eu\/ro\/wp-json\/wp\/v2\/types\/product"}],"wp:featuredmedia":[{"embeddable":true,"href":"https:\/\/www.chimneycowls.eu\/ro\/wp-json\/wp\/v2\/media\/75463"}],"wp:attachment":[{"href":"https:\/\/www.chimneycowls.eu\/ro\/wp-json\/wp\/v2\/media?parent=79088"}],"wp:term":[{"taxonomy":"product_cat","embeddable":true,"href":"https:\/\/www.chimneycowls.eu\/ro\/wp-json\/wp\/v2\/product_cat?post=79088"},{"taxonomy":"product_tag","embeddable":true,"href":"https:\/\/www.chimneycowls.eu\/ro\/wp-json\/wp\/v2\/product_tag?post=79088"}],"curies":[{"name":"wp","href":"https:\/\/api.w.org\/{rel}","templated":true}]}}