{"id":76684,"date":"2016-10-01T09:33:17","date_gmt":"2016-10-01T07:33:17","guid":{"rendered":"https:\/\/www.chimneycowls.eu\/product\/palarie-rotativa-din-inox-pentru-cosuri-de-fum-cu-talpa\/"},"modified":"2019-06-15T10:18:03","modified_gmt":"2019-06-15T08:18:03","slug":"palarie-rotativa-din-inox-pentru-cosuri-de-fum-cu-talpa","status":"publish","type":"product","link":"https:\/\/www.chimneycowls.eu\/ro\/produs\/palarie-rotativa-din-inox-pentru-cosuri-de-fum-cu-talpa\/","title":{"rendered":"Palarie rotativa din inox pentru cosuri de fum  cu talpa"},"content":{"rendered":"","protected":false},"excerpt":{"rendered":"<p>P\u0103l\u0103rie rotativ\u0103 din inox utilizeaz\u0103 for\u021ba v\u00e2ntului pentru a \u00eembun\u0103t\u0103\u021bi tirajul co\u0219ului.\u201dTurbina\u201d rote\u0219te \u00eentotdeauna \u00een aceea\u0219i direc\u021bie, independent de for\u021ba \u0219i direc\u021bia v\u00e2ntului. Astfel creaz\u0103 condi\u021bii pentru o ardere ideal\u0103 \u0219i \u00een afar\u0103 de aceasta protejeaz\u0103 co\u0219ul de fum de la influen\u021be externe, cum ar fi ploaie sau z\u0103pad\u0103. Toata gama de p\u0103l\u0103rii rotative sunt certificate cu CE.<\/p>\n<ul>\n<li>TVA &amp; pre\u021bul de livrare inclus<\/li>\n<li><strong>Postage to<\/strong>: Only to Europe<\/li>\n<li><strong>EU: 5-14 working days<\/strong><\/li>\n<\/ul>\n","protected":false},"featured_media":76686,"template":"","meta":{"_acf_changed":false},"product_cat":[177],"product_tag":[],"class_list":{"0":"post-76684","1":"product","2":"type-product","3":"status-publish","4":"has-post-thumbnail","6":"product_cat-uncategorized","8":"first","9":"instock","10":"taxable","11":"shipping-taxable","12":"purchasable","13":"product-type-variable","14":"has-default-attributes"},"acf":[],"_links":{"self":[{"href":"https:\/\/www.chimneycowls.eu\/ro\/wp-json\/wp\/v2\/product\/76684"}],"collection":[{"href":"https:\/\/www.chimneycowls.eu\/ro\/wp-json\/wp\/v2\/product"}],"about":[{"href":"https:\/\/www.chimneycowls.eu\/ro\/wp-json\/wp\/v2\/types\/product"}],"wp:featuredmedia":[{"embeddable":true,"href":"https:\/\/www.chimneycowls.eu\/ro\/wp-json\/wp\/v2\/media\/76686"}],"wp:attachment":[{"href":"https:\/\/www.chimneycowls.eu\/ro\/wp-json\/wp\/v2\/media?parent=76684"}],"wp:term":[{"taxonomy":"product_cat","embeddable":true,"href":"https:\/\/www.chimneycowls.eu\/ro\/wp-json\/wp\/v2\/product_cat?post=76684"},{"taxonomy":"product_tag","embeddable":true,"href":"https:\/\/www.chimneycowls.eu\/ro\/wp-json\/wp\/v2\/product_tag?post=76684"}],"curies":[{"name":"wp","href":"https:\/\/api.w.org\/{rel}","templated":true}]}}