{"id":79074,"date":"2021-05-26T12:18:33","date_gmt":"2021-05-26T10:18:38","guid":{"rendered":"https:\/\/www.chimneycowls.eu\/?post_type=product&#038;p=79074"},"modified":"2021-05-26T12:52:35","modified_gmt":"2021-05-26T10:52:35","slug":"girandola-inox-copy","status":"publish","type":"product","link":"https:\/\/www.chimneycowls.eu\/pt-pt\/produto\/girandola-inox-copy\/","title":{"rendered":"GIRANDOLA INOX 1 PALLET"},"content":{"rendered":"","protected":false},"excerpt":{"rendered":"<p>Produzida na \u00edntegra em a\u00e7o inoxid\u00e1vel , esta \u00e9 uma pe\u00e7a perfeita em design e eficaz em funcionamento.<\/p>\n<p>. A gir\u00e2ndola \u00e9 um extractor girat\u00f3rio, que garante uma not\u00e1vel ajuda para a aspira\u00e7\u00e3o de fumo, desde que n\u00e3o sujeito a altas temperaturas.<\/p>\n<p>\u00c9 igualmente indicada para a aplica\u00e7\u00e3o na ventila\u00e7\u00e3o e renova\u00e7\u00e3o de ar em armaz\u00e9ns, sot\u00e3os, wc\u00b4s, etc.<\/p>\n<p>Utiliza a energia do vento para criar efeito v\u00e1cuo na conduta.<\/p>\n<p>. Est\u00e1 dotada de rolamento duplo em banho de graxa de 250\u00ba, no interior de um cilindro blindado.<br \/>\n. Esfera girat\u00f3ria desmont\u00e1vel, para facilitar a limpeza e manuten\u00e7\u00e3o.<br \/>\n. O funcionamento do aparelho depende da sua instala\u00e7\u00e3o perfeita, assim como da sua limpeza e manuten\u00e7\u00e3o peri\u00f3dica.<br \/>\n. A sua dura\u00e7\u00e3o ao longo do tempo varia segundo os agentes atmosf\u00e9ricos e as condi\u00e7\u00f5es clim\u00e1ticas existentes na zona onde \u00e9 instalado.<br \/>\n. Por todos os factores que influenciam o seu bom funcionamento, \u00e9 imposs\u00edvel determinar a dura\u00e7\u00e3o do mesmo.<\/p>\n<p>1 PALLET 96 PCS \u00d884mm\/3.3&#8221; | 1 PALLET 96 PCS \u00d8104mm\/4.1&#8221; | 1 PALLET 96 PCS \u00d8124mm\/4.9&#8221; | 1 PALLET 96 PCS \u00d8129mm\/5.1&#8221; | 1 PALLET 96 PCS \u00d8134mm\/5.4&#8221; | 1 PALLET 96 PCS \u00d8154mm\/6.1&#8221; | 1 PALLET 96 PCS \u00d8164mm\/6.5&#8221; | 1 PALLET 96 PCS \u00d8184mm\/7.2&#8221; | 1 PALLET 96 PCS \u00d8204mm\/8&#8221; | 1 PALLET 30 PCS \u00d8234mm\/9.2&#8221; | 1 PALLET 30 PCS \u00d8254mm\/10&#8221; | 1 PALLET 30 PCS \u00d8304mm\/11.1&#8221; | 1 PALLET 30 PCS \u00d8354mm\/13,9&#8221;<\/p>\n<ul>\n<li>\u00a0<strong>Shipping<\/strong>\u00a0\u00a0<strong>EU: 5-14 working days<\/strong><\/li>\n<li><strong>Item location:<\/strong>\u00a0Thessaloniki, HELLAS<\/li>\n<li><strong>Postage to<\/strong>: Europe<\/li>\n<li><strong>Including VAT at 24% &amp; Shipping cost<\/strong><\/li>\n<\/ul>\n<p><strong>Press\u00a0<a href=\"https:\/\/www.chimneycowls.eu\/wp-content\/uploads\/2015\/pdf\/Laboratory-measurements-of-the-efficiency-of-the-spinner-cowl-2.pdf\" target=\"_blank\" rel=\"noopener noreferrer\">here\u00a0<\/a>for\u00a0technical details<\/strong><\/p>\n<p><strong>Press\u00a0<a href=\"https:\/\/www.youtube.com\/watch?v=PKUh4WHcbf0\" target=\"_blank\" rel=\"noopener noreferrer\">here\u00a0<\/a>for\u00a0Video<\/strong><\/p>\n","protected":false},"featured_media":75386,"template":"","meta":{"_acf_changed":false},"product_cat":[254],"product_tag":[258,346,339,340,337,345,344,338,343,342,341],"class_list":{"0":"post-79074","1":"product","2":"type-product","3":"status-publish","4":"has-post-thumbnail","6":"product_cat-base-redonda-dos-capuzes-da-chamine","7":"product_tag-aspirateur-de-fumee-eolien-pt-pt","8":"product_tag-cappello-eolico-inox-per-scarico-fumi-pt-pt","9":"product_tag-draaikap-rvs-turbo-pt-pt","10":"product_tag-extracteur-de-fumees-rotatif-eolien-en-inox-pt-pt","11":"product_tag-girandola-inox-pt-pt","12":"product_tag-kominova-odvetravaci-hlavice-pt-pt","13":"product_tag-obrotowa-nasada-kominowa-pt-pt","14":"product_tag-obrotowe-nasady-kominowe-pt-pt","15":"product_tag-palarie-rotativa-din-inox-pt-pt","16":"product_tag-palarii-cos-fum-inox-pt-pt","17":"product_tag-sombrerete-aspirador-giratorio-turbo-pt-pt","19":"first","20":"instock","21":"taxable","22":"shipping-taxable","23":"purchasable","24":"product-type-variable","25":"has-default-attributes"},"acf":[],"_links":{"self":[{"href":"https:\/\/www.chimneycowls.eu\/pt-pt\/wp-json\/wp\/v2\/product\/79074"}],"collection":[{"href":"https:\/\/www.chimneycowls.eu\/pt-pt\/wp-json\/wp\/v2\/product"}],"about":[{"href":"https:\/\/www.chimneycowls.eu\/pt-pt\/wp-json\/wp\/v2\/types\/product"}],"wp:featuredmedia":[{"embeddable":true,"href":"https:\/\/www.chimneycowls.eu\/pt-pt\/wp-json\/wp\/v2\/media\/75386"}],"wp:attachment":[{"href":"https:\/\/www.chimneycowls.eu\/pt-pt\/wp-json\/wp\/v2\/media?parent=79074"}],"wp:term":[{"taxonomy":"product_cat","embeddable":true,"href":"https:\/\/www.chimneycowls.eu\/pt-pt\/wp-json\/wp\/v2\/product_cat?post=79074"},{"taxonomy":"product_tag","embeddable":true,"href":"https:\/\/www.chimneycowls.eu\/pt-pt\/wp-json\/wp\/v2\/product_tag?post=79074"}],"curies":[{"name":"wp","href":"https:\/\/api.w.org\/{rel}","templated":true}]}}