{"id":76667,"date":"2019-05-20T15:03:09","date_gmt":"2019-05-20T13:03:09","guid":{"rendered":"https:\/\/www.chimneycowls.eu\/product\/girandola-inox-t500\/"},"modified":"2021-02-19T14:56:17","modified_gmt":"2021-02-19T12:56:17","slug":"girandola-inox-t500","status":"publish","type":"product","link":"https:\/\/www.chimneycowls.eu\/pt-pt\/produto\/girandola-inox-t500\/","title":{"rendered":"Gir\u00e2ndola inox T500"},"content":{"rendered":"","protected":false},"excerpt":{"rendered":"<p>Produzida na \u00edntegra em a\u00e7o inoxid\u00e1vel , esta \u00e9 uma pe\u00e7a perfeita em design e eficaz em funcionamento.<\/p>\n<p>. A gir\u00e2ndola \u00e9 um extractor girat\u00f3rio, que garante uma not\u00e1vel ajuda para a aspira\u00e7\u00e3o de fumo, desde que n\u00e3o sujeito a altas temperaturas.<\/p>\n<p>\u00c9 igualmente indicada para a aplica\u00e7\u00e3o na ventila\u00e7\u00e3o e renova\u00e7\u00e3o de ar em armaz\u00e9ns, sot\u00e3os, wc\u00b4s, etc.<\/p>\n<p>Utiliza a energia do vento para criar efeito v\u00e1cuo na conduta.<\/p>\n<p>. Est\u00e1 dotada de rolamento duplo em banho de graxa de 500\u00ba, no interior de um cilindro blindado.<br \/>\n. Esfera girat\u00f3ria desmont\u00e1vel, para facilitar a limpeza e manuten\u00e7\u00e3o.<br \/>\n. O funcionamento do aparelho depende da sua instala\u00e7\u00e3o perfeita, assim como da sua limpeza e manuten\u00e7\u00e3o peri\u00f3dica.<br \/>\n. A sua dura\u00e7\u00e3o ao longo do tempo varia segundo os agentes atmosf\u00e9ricos e as condi\u00e7\u00f5es clim\u00e1ticas existentes na zona onde \u00e9 instalado.<br \/>\n. Por todos os factores que influenciam o seu bom funcionamento, \u00e9 imposs\u00edvel determinar a dura\u00e7\u00e3o do mesmo.<\/p>\n<p>Shipping EU: 5-14 working days<br \/>\nItem location: Thessaloniki, HELLAS<br \/>\nPostage to: Europe<br \/>\nIncluding VAT at 24% &amp; Shipping cost<\/p>\n","protected":false},"featured_media":76668,"template":"","meta":{"_acf_changed":false},"product_cat":[254],"product_tag":[],"class_list":{"0":"post-76667","1":"product","2":"type-product","3":"status-publish","4":"has-post-thumbnail","6":"product_cat-base-redonda-dos-capuzes-da-chamine","8":"first","9":"instock","10":"taxable","11":"shipping-taxable","12":"purchasable","13":"product-type-variable"},"acf":[],"_links":{"self":[{"href":"https:\/\/www.chimneycowls.eu\/pt-pt\/wp-json\/wp\/v2\/product\/76667"}],"collection":[{"href":"https:\/\/www.chimneycowls.eu\/pt-pt\/wp-json\/wp\/v2\/product"}],"about":[{"href":"https:\/\/www.chimneycowls.eu\/pt-pt\/wp-json\/wp\/v2\/types\/product"}],"wp:featuredmedia":[{"embeddable":true,"href":"https:\/\/www.chimneycowls.eu\/pt-pt\/wp-json\/wp\/v2\/media\/76668"}],"wp:attachment":[{"href":"https:\/\/www.chimneycowls.eu\/pt-pt\/wp-json\/wp\/v2\/media?parent=76667"}],"wp:term":[{"taxonomy":"product_cat","embeddable":true,"href":"https:\/\/www.chimneycowls.eu\/pt-pt\/wp-json\/wp\/v2\/product_cat?post=76667"},{"taxonomy":"product_tag","embeddable":true,"href":"https:\/\/www.chimneycowls.eu\/pt-pt\/wp-json\/wp\/v2\/product_tag?post=76667"}],"curies":[{"name":"wp","href":"https:\/\/api.w.org\/{rel}","templated":true}]}}