{"id":79060,"date":"2021-05-26T12:18:33","date_gmt":"2021-05-26T10:18:37","guid":{"rendered":"https:\/\/www.chimneycowls.eu\/?post_type=product&#038;p=79060"},"modified":"2021-05-26T12:53:24","modified_gmt":"2021-05-26T10:53:24","slug":"obrotowa-nasada-kominowa-copy","status":"publish","type":"product","link":"https:\/\/www.chimneycowls.eu\/pl\/produkt\/obrotowa-nasada-kominowa-copy\/","title":{"rendered":"OBROTOWA NASADA KOMINOWA 1 PALLET"},"content":{"rendered":"","protected":false},"excerpt":{"rendered":"<p>Obrotowe nasady kominowe wspomagaj\u0105 ci\u0105g kominowy dzi\u0119ki dynamicznemu wykorzystaniu si\u0142y wiatru. Ponadto unikalna budowa sprawia i\u017c niezale\u017cnie od si\u0142y i kierunku wiatru nasada obraca si\u0119 tylko w jedn\u0105 stron\u0119.<\/p>\n<p>maksymalna temperatura pracy:250\u00b0C,<\/p>\n<p>uk\u0142ad obrotowy: \u0141o\u017cysko kulkowe pracuje w szczelnej obudowie.<\/p>\n<p>Grubo\u015b\u0107 blachy- 0,4 mm<br \/>\nNazwa materia\u0142u- stal nierdzewna<br \/>\nTechnologia spajania-plazmowe<\/p>\n<p>1 PALLET 96 PCS \u00d884mm\/3.3&#8221; | 1 PALLET 96 PCS \u00d8104mm\/4.1&#8221; | 1 PALLET 96 PCS \u00d8124mm\/4.9&#8221; | 1 PALLET 96 PCS \u00d8129mm\/5.1&#8221; | 1 PALLET 96 PCS \u00d8134mm\/5.4&#8221; | 1 PALLET 96 PCS \u00d8154mm\/6.1&#8221; | 1 PALLET 96 PCS \u00d8164mm\/6.5&#8221; | 1 PALLET 96 PCS \u00d8184mm\/7.2&#8221; | 1 PALLET 96 PCS \u00d8204mm\/8&#8221; | 1 PALLET 30 PCS \u00d8234mm\/9.2&#8221; | 1 PALLET 30 PCS \u00d8254mm\/10&#8221; | 1 PALLET 30 PCS \u00d8304mm\/11.1&#8221; | 1 PALLET 30 PCS \u00d8354mm\/13,9&#8221;<\/p>\n<ul>\n<li>\u00a0<strong>Shipping<\/strong>\u00a0\u00a0<strong>EU: 5-14 working days<\/strong><\/li>\n<li><strong>Item location:<\/strong>\u00a0Thessaloniki, HELLAS<\/li>\n<li><strong>Postage to<\/strong>: Europe<\/li>\n<li><strong>Including VAT at 24% &amp; Shipping cost<\/strong><\/li>\n<\/ul>\n<p><strong>Press\u00a0<a href=\"https:\/\/www.chimneycowls.eu\/wp-content\/uploads\/2015\/pdf\/Laboratory-measurements-of-the-efficiency-of-the-spinner-cowl-2.pdf\" target=\"_blank\" rel=\"noopener noreferrer\">here\u00a0<\/a>for\u00a0technical details<\/strong><\/p>\n<p><strong>Press\u00a0<a href=\"https:\/\/www.youtube.com\/watch?v=PKUh4WHcbf0\" target=\"_blank\" rel=\"noopener noreferrer\">here\u00a0<\/a>for\u00a0Video<\/strong><\/p>\n","protected":false},"featured_media":75413,"template":"","meta":{"_acf_changed":false},"product_cat":[253],"product_tag":[257,356,349,350,347,355,354,348,353,352,351],"class_list":{"0":"post-79060","1":"product","2":"type-product","3":"status-publish","4":"has-post-thumbnail","6":"product_cat-okragla-podstawa-komina","7":"product_tag-aspirateur-de-fumee-eolien-pl","8":"product_tag-cappello-eolico-inox-per-scarico-fumi-pl","9":"product_tag-draaikap-rvs-turbo-pl","10":"product_tag-extracteur-de-fumees-rotatif-eolien-en-inox-pl","11":"product_tag-girandola-inox-pl","12":"product_tag-kominova-odvetravaci-hlavice-pl","13":"product_tag-obrotowa-nasada-kominowa-pl","14":"product_tag-obrotowe-nasady-kominowe-pl","15":"product_tag-palarie-rotativa-din-inox-pl","16":"product_tag-palarii-cos-fum-inox-pl","17":"product_tag-sombrerete-aspirador-giratorio-turbo-pl","19":"first","20":"instock","21":"taxable","22":"shipping-taxable","23":"purchasable","24":"product-type-variable","25":"has-default-attributes"},"acf":[],"_links":{"self":[{"href":"https:\/\/www.chimneycowls.eu\/pl\/wp-json\/wp\/v2\/product\/79060"}],"collection":[{"href":"https:\/\/www.chimneycowls.eu\/pl\/wp-json\/wp\/v2\/product"}],"about":[{"href":"https:\/\/www.chimneycowls.eu\/pl\/wp-json\/wp\/v2\/types\/product"}],"wp:featuredmedia":[{"embeddable":true,"href":"https:\/\/www.chimneycowls.eu\/pl\/wp-json\/wp\/v2\/media\/75413"}],"wp:attachment":[{"href":"https:\/\/www.chimneycowls.eu\/pl\/wp-json\/wp\/v2\/media?parent=79060"}],"wp:term":[{"taxonomy":"product_cat","embeddable":true,"href":"https:\/\/www.chimneycowls.eu\/pl\/wp-json\/wp\/v2\/product_cat?post=79060"},{"taxonomy":"product_tag","embeddable":true,"href":"https:\/\/www.chimneycowls.eu\/pl\/wp-json\/wp\/v2\/product_tag?post=79060"}],"curies":[{"name":"wp","href":"https:\/\/api.w.org\/{rel}","templated":true}]}}