{"id":76659,"date":"2019-05-20T15:03:09","date_gmt":"2019-05-20T13:03:09","guid":{"rendered":"https:\/\/www.chimneycowls.eu\/product\/nasada-kominowa-obrotowa-z-zewnetrznym-lozyskowaniem\/"},"modified":"2021-02-19T14:53:24","modified_gmt":"2021-02-19T12:53:24","slug":"nasada-kominowa-obrotowa-z-zewnetrznym-lozyskowaniem","status":"publish","type":"product","link":"https:\/\/www.chimneycowls.eu\/pl\/produkt\/nasada-kominowa-obrotowa-z-zewnetrznym-lozyskowaniem\/","title":{"rendered":"Nasada kominowa obrotowa  z zewn\u0119trznym \u0142o\u017cyskowaniem"},"content":{"rendered":"","protected":false},"excerpt":{"rendered":"<p>Obrotowa nasada kominowa jest urz\u0105dzeniem dynamicznie wykorzystuj\u0105cym si\u0142\u0119 wiatru do wspomagania ci\u0105gu kominowego. Niezale\u017cnie od kierunku, si\u0142y i rodzaju wiatru, turbinnasady obraca si\u0119 zawsze w jedn\u0105 i t\u0119 sam\u0105 stron\u0119. Montuje si\u0119 j\u0105 na wylotach kominowych wentylacji grawitacyjnej, szczeg\u00f3lnie w budownictwie jedno i wielorodzinnym.<\/p>\n<ul>\n<li><strong>Shipping<\/strong>\u00a0\u00a0<strong>EU: 5-14 working days<\/strong><\/li>\n<li><strong>Item location:<\/strong>\u00a0Thessaloniki, HELLAS<\/li>\n<li><strong>Postage to<\/strong>: Europe<\/li>\n<li><strong>Including VAT at 24% &amp; Shipping cost<\/strong><\/li>\n<\/ul>\n","protected":false},"featured_media":76660,"template":"","meta":{"_acf_changed":false},"product_cat":[253],"product_tag":[],"class_list":{"0":"post-76659","1":"product","2":"type-product","3":"status-publish","4":"has-post-thumbnail","6":"product_cat-okragla-podstawa-komina","8":"first","9":"instock","10":"taxable","11":"shipping-taxable","12":"purchasable","13":"product-type-variable"},"acf":[],"_links":{"self":[{"href":"https:\/\/www.chimneycowls.eu\/pl\/wp-json\/wp\/v2\/product\/76659"}],"collection":[{"href":"https:\/\/www.chimneycowls.eu\/pl\/wp-json\/wp\/v2\/product"}],"about":[{"href":"https:\/\/www.chimneycowls.eu\/pl\/wp-json\/wp\/v2\/types\/product"}],"wp:featuredmedia":[{"embeddable":true,"href":"https:\/\/www.chimneycowls.eu\/pl\/wp-json\/wp\/v2\/media\/76660"}],"wp:attachment":[{"href":"https:\/\/www.chimneycowls.eu\/pl\/wp-json\/wp\/v2\/media?parent=76659"}],"wp:term":[{"taxonomy":"product_cat","embeddable":true,"href":"https:\/\/www.chimneycowls.eu\/pl\/wp-json\/wp\/v2\/product_cat?post=76659"},{"taxonomy":"product_tag","embeddable":true,"href":"https:\/\/www.chimneycowls.eu\/pl\/wp-json\/wp\/v2\/product_tag?post=76659"}],"curies":[{"name":"wp","href":"https:\/\/api.w.org\/{rel}","templated":true}]}}