{"id":76325,"date":"2019-05-20T15:04:58","date_gmt":"2019-05-20T13:04:58","guid":{"rendered":"https:\/\/www.chimneycowls.eu\/product\/obrotowa-nasada-kominowa-2\/"},"modified":"2020-05-14T15:37:58","modified_gmt":"2020-05-14T13:37:58","slug":"obrotowa-nasada-kominowa-2","status":"publish","type":"product","link":"https:\/\/www.chimneycowls.eu\/pl\/produkt\/obrotowa-nasada-kominowa-2\/","title":{"rendered":"OBROTOWA NASADA KOMINOWA"},"content":{"rendered":"","protected":false},"excerpt":{"rendered":"<p>Obrotowe nasady kominowe wspomagaj\u0105 ci\u0105g kominowy dzi\u0119ki dynamicznemu wykorzystaniu si\u0142y wiatru. Ponadto unikalna budowa sprawia i\u017c niezale\u017cnie od si\u0142y i kierunku wiatru nasada obraca si\u0119 tylko w jedn\u0105 stron\u0119.<\/p>\n<p>maksymalna temperatura pracy:250\u00b0C,<\/p>\n<p>uk\u0142ad obrotowy: \u0141o\u017cysko kulkowe pracuje w szczelnej obudowie.<\/p>\n<p>Grubo\u015b\u0107 blachy- 0,4 mm<br \/>\nNazwa materia\u0142u- stal nierdzewna<br \/>\nTechnologia spajania-plazmowe<\/p>\n<ul>\n<li>\u00a0<strong>Shipping<\/strong>\u00a0\u00a0<strong>EU: 5-14 working days<\/strong><\/li>\n<li><strong>Item location:<\/strong>\u00a0Thessaloniki, HELLAS<\/li>\n<li><strong>Postage to<\/strong>: Europe<\/li>\n<li><strong>Including VAT at 24% &amp; Shipping cost<\/strong><\/li>\n<\/ul>\n<p><strong>Press\u00a0<a href=\"https:\/\/www.chimneycowls.eu\/wp-content\/uploads\/2015\/pdf\/Laboratory-measurements-of-the-efficiency-of-the-spinner-cowl-2.pdf\" target=\"_blank\" rel=\"noopener noreferrer\">here\u00a0<\/a>for\u00a0technical details<\/strong><\/p>\n<p><strong>Press\u00a0<a href=\"https:\/\/www.youtube.com\/watch?v=PKUh4WHcbf0\" target=\"_blank\" rel=\"noopener noreferrer\">here\u00a0<\/a>for\u00a0Video<\/strong><\/p>\n","protected":false},"featured_media":75413,"template":"","meta":{"_acf_changed":false},"product_cat":[253],"product_tag":[257,356,349,350,347,355,354,348,353,352,351],"class_list":{"0":"post-76325","1":"product","2":"type-product","3":"status-publish","4":"has-post-thumbnail","6":"product_cat-okragla-podstawa-komina","7":"product_tag-aspirateur-de-fumee-eolien-pl","8":"product_tag-cappello-eolico-inox-per-scarico-fumi-pl","9":"product_tag-draaikap-rvs-turbo-pl","10":"product_tag-extracteur-de-fumees-rotatif-eolien-en-inox-pl","11":"product_tag-girandola-inox-pl","12":"product_tag-kominova-odvetravaci-hlavice-pl","13":"product_tag-obrotowa-nasada-kominowa-pl","14":"product_tag-obrotowe-nasady-kominowe-pl","15":"product_tag-palarie-rotativa-din-inox-pl","16":"product_tag-palarii-cos-fum-inox-pl","17":"product_tag-sombrerete-aspirador-giratorio-turbo-pl","19":"first","20":"instock","21":"taxable","22":"shipping-taxable","23":"purchasable","24":"product-type-variable","25":"has-default-attributes"},"acf":[],"_links":{"self":[{"href":"https:\/\/www.chimneycowls.eu\/pl\/wp-json\/wp\/v2\/product\/76325"}],"collection":[{"href":"https:\/\/www.chimneycowls.eu\/pl\/wp-json\/wp\/v2\/product"}],"about":[{"href":"https:\/\/www.chimneycowls.eu\/pl\/wp-json\/wp\/v2\/types\/product"}],"wp:featuredmedia":[{"embeddable":true,"href":"https:\/\/www.chimneycowls.eu\/pl\/wp-json\/wp\/v2\/media\/75413"}],"wp:attachment":[{"href":"https:\/\/www.chimneycowls.eu\/pl\/wp-json\/wp\/v2\/media?parent=76325"}],"wp:term":[{"taxonomy":"product_cat","embeddable":true,"href":"https:\/\/www.chimneycowls.eu\/pl\/wp-json\/wp\/v2\/product_cat?post=76325"},{"taxonomy":"product_tag","embeddable":true,"href":"https:\/\/www.chimneycowls.eu\/pl\/wp-json\/wp\/v2\/product_tag?post=76325"}],"curies":[{"name":"wp","href":"https:\/\/api.w.org\/{rel}","templated":true}]}}