{"id":76527,"date":"2019-05-21T16:07:52","date_gmt":"2019-05-21T14:07:52","guid":{"rendered":"https:\/\/www.chimneycowls.eu\/?post_type=product&#038;p=76527"},"modified":"2019-06-18T13:30:49","modified_gmt":"2019-06-18T11:30:49","slug":"chapeau-girouette-inox","status":"publish","type":"product","link":"https:\/\/www.chimneycowls.eu\/fr\/produit\/chapeau-girouette-inox\/","title":{"rendered":"Chapeau Girouette Inox"},"content":{"rendered":"","protected":false},"excerpt":{"rendered":"<p>Le chapeau girouette inox est fabriqu\u00e9 en t\u00f4le d\u2019acier inoxydable, le mat\u00e9riel le plus r\u00e9sistant face \u00e0 la corrosion et au passage du temps. Ce capuchon, aussi connu comme cr\u00eate de coq, est une sortie de chemin\u00e9e directionnelle qui tourne en fonction du vent gr\u00e2ce \u00e0 sa forme a\u00e9rodynamique. Cela permet d\u2019\u00e9viter le refoulement ainsi que l\u2019entr\u00e9e d\u2019eau de pluie. Disponibilit\u00e9 de diam\u00e8tre de 150 \u00e0 350<\/p>\n<p>Convient \u00e9galement pour une utilisation avec du charbon, du bois, du gaz, du p\u00e9trole et des carburants sans fum\u00e9e.<\/p>\n<ul>\n<li><strong>La livraison et TVA 24% est incluse<\/strong><\/li>\n<li><strong>EU: \u00c0 domicile en 5 \u00e0 14 jours ouvr\u00e9s<\/strong><\/li>\n<\/ul>\n<p style=\"text-align: center;\">Clients from Australia, United States, Canada, Brazil, Israel, Hong Kong, Indonesia, Malaysia, Mexico, Singapore, Korea, South, Taiwan, Thailand, Chile please send us your request to <strong>chimneycowls.eu@gmail.com<\/strong> and Someone will reach out to you within 2 business hours<\/p>\n<p style=\"padding-left: 30px;\">\n","protected":false},"featured_media":75617,"template":"","meta":{"_acf_changed":false},"product_cat":[52],"product_tag":[],"class_list":{"0":"post-76527","1":"product","2":"type-product","3":"status-publish","4":"has-post-thumbnail","6":"product_cat-cheminecowlsbaseronde","8":"first","9":"instock","10":"taxable","11":"shipping-taxable","12":"purchasable","13":"product-type-variable","14":"has-default-attributes"},"acf":[],"_links":{"self":[{"href":"https:\/\/www.chimneycowls.eu\/fr\/wp-json\/wp\/v2\/product\/76527"}],"collection":[{"href":"https:\/\/www.chimneycowls.eu\/fr\/wp-json\/wp\/v2\/product"}],"about":[{"href":"https:\/\/www.chimneycowls.eu\/fr\/wp-json\/wp\/v2\/types\/product"}],"wp:featuredmedia":[{"embeddable":true,"href":"https:\/\/www.chimneycowls.eu\/fr\/wp-json\/wp\/v2\/media\/75617"}],"wp:attachment":[{"href":"https:\/\/www.chimneycowls.eu\/fr\/wp-json\/wp\/v2\/media?parent=76527"}],"wp:term":[{"taxonomy":"product_cat","embeddable":true,"href":"https:\/\/www.chimneycowls.eu\/fr\/wp-json\/wp\/v2\/product_cat?post=76527"},{"taxonomy":"product_tag","embeddable":true,"href":"https:\/\/www.chimneycowls.eu\/fr\/wp-json\/wp\/v2\/product_tag?post=76527"}],"curies":[{"name":"wp","href":"https:\/\/api.w.org\/{rel}","templated":true}]}}