{"id":76140,"date":"2019-05-20T15:04:58","date_gmt":"2019-05-20T13:04:58","guid":{"rendered":"https:\/\/www.chimneycowls.eu\/?post_type=product&#038;p=76140"},"modified":"2021-06-06T14:04:36","modified_gmt":"2021-06-06T12:04:36","slug":"extracteur-de-fumees-rotatif-eolien-en-inox","status":"publish","type":"product","link":"https:\/\/www.chimneycowls.eu\/fr\/produit\/extracteur-de-fumees-rotatif-eolien-en-inox\/","title":{"rendered":"EXTRACTEUR DE FUM\u00c9ES ROTATIF \u00c9OLIEN EN INOX"},"content":{"rendered":"<ul>\n<li>Fabricant : COSMOVENT INOX<\/li>\n<li>Construction en acier inoxydable<\/li>\n<li>R\u00e9siste \u00e0 des temp\u00e9ratures de combustion jusqu\u2019\u00e0 250\u00a0\u00b0 C<\/li>\n<li>Livr\u00e9 enti\u00e8rement assembl\u00e9 et pr\u00eat \u00e0 poser<\/li>\n<li>Form\u00e9 d\u2019un certificat de la CE EN 1856-1:2009 305\/11 \u0395U<\/li>\n<li>Convient \u00e0 tous les types de combustibles<\/li>\n<li>Tr\u00e8s efficace pour pr\u00e9venir courant descendant et augmenter la ventilation<\/li>\n<li>Made in EU-Nouvelle<\/li>\n<\/ul>\n","protected":false},"excerpt":{"rendered":"<p>Le capot Spinner est con\u00e7u pour \u00e9radiquer courant descendant, tandis que l\u2019action de rotation assiste ventilation. Convient \u00e9galement pour une utilisation avec du charbon, du bois, du gaz, du p\u00e9trole et des carburants sans fum\u00e9e.<\/p>\n<ul>\n<li><strong>La livraison et TVA 24% est incluse<\/strong><\/li>\n<li><strong>EU: \u00c0 domicile en 5 \u00e0 14 jours ouvr\u00e9s<\/strong><\/li>\n<\/ul>\n<p><strong>Appuyez\u00a0<a href=\"https:\/\/www.chimneycowls.eu\/wp-content\/uploads\/2015\/pdf\/Laboratory-measurements-of-the-efficiency-of-the-spinner-cowl-2.pdf\" target=\"_blank\" rel=\"noopener noreferrer\">ici\u00a0<\/a>pour les d\u00e9tails techniques<\/strong><\/p>\n<p><strong>Appuyez\u00a0<a href=\"https:\/\/www.youtube.com\/watch?v=q1NiUrOIzls\" target=\"_blank\" rel=\"noopener noreferrer\">ici<\/a>\u00a0pour la vid\u00e9o<\/strong><\/p>\n","protected":false},"featured_media":69200,"template":"","meta":{"_acf_changed":false},"product_cat":[52],"product_tag":[284,285,286,287,288,289,290,291,292,293,294],"class_list":{"0":"post-76140","1":"product","2":"type-product","3":"status-publish","4":"has-post-thumbnail","6":"product_cat-cheminecowlsbaseronde","7":"product_tag-aspirateur-de-fumee-eolien-fr","8":"product_tag-cappello-eolico-inox-per-scarico-fumi-fr","9":"product_tag-draaikap-rvs-turbo-fr","10":"product_tag-extracteur-de-fumees-rotatif-eolien-en-inox-fr","11":"product_tag-girandola-inox-fr","12":"product_tag-kominova-odvetravaci-hlavice-fr","13":"product_tag-obrotowa-nasada-kominowa-fr","14":"product_tag-obrotowe-nasady-kominowe-fr","15":"product_tag-palarie-rotativa-din-inox-fr","16":"product_tag-palarii-cos-fum-inox-fr","17":"product_tag-sombrerete-aspirador-giratorio-turbo-fr","19":"first","20":"instock","21":"taxable","22":"shipping-taxable","23":"purchasable","24":"product-type-variable","25":"has-default-attributes"},"acf":[],"_links":{"self":[{"href":"https:\/\/www.chimneycowls.eu\/fr\/wp-json\/wp\/v2\/product\/76140"}],"collection":[{"href":"https:\/\/www.chimneycowls.eu\/fr\/wp-json\/wp\/v2\/product"}],"about":[{"href":"https:\/\/www.chimneycowls.eu\/fr\/wp-json\/wp\/v2\/types\/product"}],"wp:featuredmedia":[{"embeddable":true,"href":"https:\/\/www.chimneycowls.eu\/fr\/wp-json\/wp\/v2\/media\/69200"}],"wp:attachment":[{"href":"https:\/\/www.chimneycowls.eu\/fr\/wp-json\/wp\/v2\/media?parent=76140"}],"wp:term":[{"taxonomy":"product_cat","embeddable":true,"href":"https:\/\/www.chimneycowls.eu\/fr\/wp-json\/wp\/v2\/product_cat?post=76140"},{"taxonomy":"product_tag","embeddable":true,"href":"https:\/\/www.chimneycowls.eu\/fr\/wp-json\/wp\/v2\/product_tag?post=76140"}],"curies":[{"name":"wp","href":"https:\/\/api.w.org\/{rel}","templated":true}]}}