{"id":76068,"date":"2019-05-20T15:03:09","date_gmt":"2019-05-20T13:03:16","guid":{"rendered":"https:\/\/www.chimneycowls.eu\/?post_type=product&#038;p=76068"},"modified":"2021-02-19T14:53:07","modified_gmt":"2021-02-19T12:53:07","slug":"o-150-o-200-o-250-o-300mm-inoxydable-tournante-tourne-cheminee-capot-externe-de-roulement-copy","status":"publish","type":"product","link":"https:\/\/www.chimneycowls.eu\/fr\/produit\/o-150-o-200-o-250-o-300mm-inoxydable-tournante-tourne-cheminee-capot-externe-de-roulement-copy\/","title":{"rendered":"\u00d8 150 \u2013 \u00d8 200 \u2013 \u00d8 250 \u2013 \u00d8 300mm inoxydable tournante tourne Chemin\u00e9e capot externe de roulement (Copy)"},"content":{"rendered":"","protected":false},"excerpt":{"rendered":"<p>Rotary chemin\u00e9e du capot avec des roulements externes est un dispositif qui, d&rsquo;une mani\u00e8re dynamique, utilise la force du vent pour augmenter tirage de la chemin\u00e9e. La turbine tourne toujours dans le m\u00eame sens quel que soit la force du vent ou de ses direction.Thanks au syst\u00e8me de palier plac\u00e9e \u00e0 l&rsquo;ext\u00e9rieur, l&rsquo;influence des gaz d&rsquo;\u00e9chappement est r\u00e9duit au minimum et le capot peut \u00eatre utilis\u00e9 avec des gaz . Il est recommand\u00e9 pour les conduits de fum\u00e9e.<\/p>\n<p>&nbsp;<\/p>\n<ul>\n<li>\u00a0<strong>La livraison et TVA 24% est incluse <\/strong><\/li>\n<li><strong>EU: \u00c0 domicile en 5 \u00e0 14 jours ouvr\u00e9s<\/strong><\/li>\n<\/ul>\n<p>&nbsp;<\/p>\n","protected":false},"featured_media":74314,"template":"","meta":{"_acf_changed":false},"product_cat":[52],"product_tag":[],"class_list":{"0":"post-76068","1":"product","2":"type-product","3":"status-publish","4":"has-post-thumbnail","6":"product_cat-cheminecowlsbaseronde","8":"first","9":"instock","10":"taxable","11":"shipping-taxable","12":"purchasable","13":"product-type-variable","14":"has-default-attributes"},"acf":[],"_links":{"self":[{"href":"https:\/\/www.chimneycowls.eu\/fr\/wp-json\/wp\/v2\/product\/76068"}],"collection":[{"href":"https:\/\/www.chimneycowls.eu\/fr\/wp-json\/wp\/v2\/product"}],"about":[{"href":"https:\/\/www.chimneycowls.eu\/fr\/wp-json\/wp\/v2\/types\/product"}],"wp:featuredmedia":[{"embeddable":true,"href":"https:\/\/www.chimneycowls.eu\/fr\/wp-json\/wp\/v2\/media\/74314"}],"wp:attachment":[{"href":"https:\/\/www.chimneycowls.eu\/fr\/wp-json\/wp\/v2\/media?parent=76068"}],"wp:term":[{"taxonomy":"product_cat","embeddable":true,"href":"https:\/\/www.chimneycowls.eu\/fr\/wp-json\/wp\/v2\/product_cat?post=76068"},{"taxonomy":"product_tag","embeddable":true,"href":"https:\/\/www.chimneycowls.eu\/fr\/wp-json\/wp\/v2\/product_tag?post=76068"}],"curies":[{"name":"wp","href":"https:\/\/api.w.org\/{rel}","templated":true}]}}