{"id":72942,"date":"2018-03-23T19:26:17","date_gmt":"2018-03-23T17:26:17","guid":{"rendered":"http:\/\/www.chimneycowls.eu\/?post_type=product&#038;p=72942\/"},"modified":"2019-05-18T13:42:33","modified_gmt":"2019-05-18T11:42:33","slug":"acier-inoxydable-cheminee-plaque","status":"publish","type":"product","link":"https:\/\/www.chimneycowls.eu\/fr\/produit\/acier-inoxydable-cheminee-plaque\/","title":{"rendered":"Acier inoxydable chemin\u00e9e Plaque"},"content":{"rendered":"","protected":false},"excerpt":{"rendered":"<ul>\n<li><strong>La livraison et TVA 24% est incluse<\/strong><\/li>\n<li><strong>EU: \u00c0 domicile en 5 \u00e0 14 jours ouvr\u00e9s<\/strong><\/li>\n<\/ul>\n","protected":false},"featured_media":73219,"template":"","meta":{"_acf_changed":false},"product_cat":[83],"product_tag":[],"class_list":{"0":"post-72942","1":"product","2":"type-product","3":"status-publish","4":"has-post-thumbnail","6":"product_cat-cheminecowlsavecplaque","8":"first","9":"instock","10":"taxable","11":"shipping-taxable","12":"purchasable","13":"product-type-variable","14":"has-default-attributes"},"acf":[],"_links":{"self":[{"href":"https:\/\/www.chimneycowls.eu\/fr\/wp-json\/wp\/v2\/product\/72942"}],"collection":[{"href":"https:\/\/www.chimneycowls.eu\/fr\/wp-json\/wp\/v2\/product"}],"about":[{"href":"https:\/\/www.chimneycowls.eu\/fr\/wp-json\/wp\/v2\/types\/product"}],"wp:featuredmedia":[{"embeddable":true,"href":"https:\/\/www.chimneycowls.eu\/fr\/wp-json\/wp\/v2\/media\/73219"}],"wp:attachment":[{"href":"https:\/\/www.chimneycowls.eu\/fr\/wp-json\/wp\/v2\/media?parent=72942"}],"wp:term":[{"taxonomy":"product_cat","embeddable":true,"href":"https:\/\/www.chimneycowls.eu\/fr\/wp-json\/wp\/v2\/product_cat?post=72942"},{"taxonomy":"product_tag","embeddable":true,"href":"https:\/\/www.chimneycowls.eu\/fr\/wp-json\/wp\/v2\/product_tag?post=72942"}],"curies":[{"name":"wp","href":"https:\/\/api.w.org\/{rel}","templated":true}]}}