{"id":71458,"date":"2017-11-25T17:50:53","date_gmt":"2017-11-25T15:50:53","guid":{"rendered":"http:\/\/www.chimneycowls.eu\/product\/adjustable-rain-cap-f80-150\/"},"modified":"2019-05-21T17:50:50","modified_gmt":"2019-05-21T15:50:50","slug":"chapeau-de-toit-en-acier-f80-150","status":"publish","type":"product","link":"https:\/\/www.chimneycowls.eu\/fr\/produit\/chapeau-de-toit-en-acier-f80-150\/","title":{"rendered":"Chapeau de toit en inox r\u00e9glable Diam\u00e8tre 80 \u00e0 180 mm"},"content":{"rendered":"<p>Usage du produit Prot\u00e8ge le conduit de chemin\u00e9e des entr\u00e9es d&rsquo;eaux de pluie<br \/>\nFinition du produit Inox<br \/>\nSp\u00e9cificit\u00e9s techniques Adapt\u00e9 aux conduits ma\u00e7onn\u00e9s avec ou sans d\u00e9voiement<br \/>\nCouleur Inox<\/p>\n<ul>\n<li><strong>Shipping<\/strong>\u00a0\u00a0<strong>EU: 5-14 working days<\/strong><\/li>\n<li><strong>Included\u00a0Shipping\u00a0and VAT\u00a0in Pricing<\/strong><\/li>\n<\/ul>\n","protected":false},"excerpt":{"rendered":"<ul>\n<li>Usage du produit : Prot\u00e8ge le conduit de chemin\u00e9e des entr\u00e9es d&rsquo;eaux de pluie<br \/>\nFinition du produit : Inox<br \/>\nSp\u00e9cificit\u00e9s techniques : Adapt\u00e9 aux conduits ma\u00e7onn\u00e9s avec ou sans d\u00e9voiementPolycombustible (Gaz, fioul, bois, charbon)<\/li>\n<li>\n<ul>\n<li><strong>La livraison et TVA 24% est incluse<\/strong><\/li>\n<li><strong>EU: \u00c0 domicile en 5 \u00e0 14 jours ouvr\u00e9s<\/strong><\/li>\n<\/ul>\n<p>Clients from Australia, United States, Canada, Brazil, Israel, Hong Kong, Indonesia, Malaysia, Mexico, Singapore, Korea, South, Taiwan, Thailand, Chile please send us your request to\u00a0<strong>chimneycowls.eu@gmail.com<\/strong>\u00a0and Someone will reach out to you within 2 business hours<\/li>\n<\/ul>\n","protected":false},"featured_media":71299,"template":"","meta":{"_acf_changed":false},"product_cat":[52],"product_tag":[],"class_list":{"0":"post-71458","1":"product","2":"type-product","3":"status-publish","4":"has-post-thumbnail","6":"product_cat-cheminecowlsbaseronde","8":"first","9":"instock","10":"taxable","11":"shipping-taxable","12":"purchasable","13":"product-type-simple"},"acf":[],"_links":{"self":[{"href":"https:\/\/www.chimneycowls.eu\/fr\/wp-json\/wp\/v2\/product\/71458"}],"collection":[{"href":"https:\/\/www.chimneycowls.eu\/fr\/wp-json\/wp\/v2\/product"}],"about":[{"href":"https:\/\/www.chimneycowls.eu\/fr\/wp-json\/wp\/v2\/types\/product"}],"wp:featuredmedia":[{"embeddable":true,"href":"https:\/\/www.chimneycowls.eu\/fr\/wp-json\/wp\/v2\/media\/71299"}],"wp:attachment":[{"href":"https:\/\/www.chimneycowls.eu\/fr\/wp-json\/wp\/v2\/media?parent=71458"}],"wp:term":[{"taxonomy":"product_cat","embeddable":true,"href":"https:\/\/www.chimneycowls.eu\/fr\/wp-json\/wp\/v2\/product_cat?post=71458"},{"taxonomy":"product_tag","embeddable":true,"href":"https:\/\/www.chimneycowls.eu\/fr\/wp-json\/wp\/v2\/product_tag?post=71458"}],"curies":[{"name":"wp","href":"https:\/\/api.w.org\/{rel}","templated":true}]}}