{"id":68750,"date":"2015-08-22T08:45:22","date_gmt":"2015-08-22T08:45:22","guid":{"rendered":"http:\/\/www.chimneycowls.eu\/product\/static-anti-draft-chimney-cowl__trashed-2-2\/"},"modified":"2021-04-30T21:09:37","modified_gmt":"2021-04-30T19:09:37","slug":"chapeau-anti-refoulement-saturne-inox-simple","status":"publish","type":"product","link":"https:\/\/www.chimneycowls.eu\/fr\/produit\/chapeau-anti-refoulement-saturne-inox-simple\/","title":{"rendered":"Chapeau anti-refoulement saturne Inox simple"},"content":{"rendered":"<p>Avantages<\/p>\n<ul>\n<li>Acier inoxydable AISI 304<\/li>\n<li>Temp\u00e9rature de fonctionnement \u00e0 600\u00b0 en continu.<\/li>\n<li>Produit de tr\u00e8s haute qualit\u00e9 et finition.<\/li>\n<li>Applications fours, chaudi\u00e8res, po\u00eale, ventilation, etc.<\/li>\n<li>\u00c9paisseur acier 0,40 mm<\/li>\n<li>Diam\u00e8tre 80 au 350 mm<\/li>\n<li>Fabricant :\u00a0KAMINAS HELLAS<\/li>\n<li>CE \u0395\u039d1856-1 ,305\/2011 \u0395U<\/li>\n<li>Made in EU-Nouvelle<\/li>\n<\/ul>\n","protected":false},"excerpt":{"rendered":"<p>Le chapeau saturne est constitu\u00e9 par plusieurs \u00e9l\u00e9ments circulaires \u2018\u2019anneaux \u2018\u2018 et a comme principale fonction \u00e9viter l\u2019entr\u00e9e de la pluie dans la chemin\u00e9e. En m\u00eame temps il am\u00e9liore l\u2019esth\u00e9tique de la chemin\u00e9e.<\/p>\n<p>Avantages du Chapeau Saturne<br \/>\nLa meilleur solution esth\u00e9tique;<br \/>\nConseiller par les architectes et les concepteurs.<\/p>\n<ul>\n<li><strong>La livraison et TVA 24% est incluse<\/strong><\/li>\n<li><strong>EU: \u00c0 domicile en 5 \u00e0 14 jours ouvr\u00e9s<\/strong><\/li>\n<\/ul>\n<p><strong>Appuyez <a href=\"https:\/\/www.youtube.com\/watch?v=2RyHxhHcUQc\" target=\"_blank\" rel=\"noopener noreferrer\">ici<\/a> pour la vid\u00e9o<\/strong><\/p>\n","protected":false},"featured_media":67945,"template":"","meta":{"_acf_changed":false},"product_cat":[52],"product_tag":[],"class_list":{"0":"post-68750","1":"product","2":"type-product","3":"status-publish","4":"has-post-thumbnail","6":"product_cat-cheminecowlsbaseronde","8":"first","9":"instock","10":"taxable","11":"shipping-taxable","12":"purchasable","13":"product-type-variable","14":"has-default-attributes"},"acf":[],"_links":{"self":[{"href":"https:\/\/www.chimneycowls.eu\/fr\/wp-json\/wp\/v2\/product\/68750"}],"collection":[{"href":"https:\/\/www.chimneycowls.eu\/fr\/wp-json\/wp\/v2\/product"}],"about":[{"href":"https:\/\/www.chimneycowls.eu\/fr\/wp-json\/wp\/v2\/types\/product"}],"wp:featuredmedia":[{"embeddable":true,"href":"https:\/\/www.chimneycowls.eu\/fr\/wp-json\/wp\/v2\/media\/67945"}],"wp:attachment":[{"href":"https:\/\/www.chimneycowls.eu\/fr\/wp-json\/wp\/v2\/media?parent=68750"}],"wp:term":[{"taxonomy":"product_cat","embeddable":true,"href":"https:\/\/www.chimneycowls.eu\/fr\/wp-json\/wp\/v2\/product_cat?post=68750"},{"taxonomy":"product_tag","embeddable":true,"href":"https:\/\/www.chimneycowls.eu\/fr\/wp-json\/wp\/v2\/product_tag?post=68750"}],"curies":[{"name":"wp","href":"https:\/\/api.w.org\/{rel}","templated":true}]}}