{"id":68723,"date":"2016-10-01T09:33:17","date_gmt":"2016-10-01T09:33:17","guid":{"rendered":"http:\/\/www.chimneycowls.eu\/product\/spinner-anti-draft-chimney-cowl-2-2\/"},"modified":"2019-06-15T10:18:03","modified_gmt":"2019-06-15T08:18:03","slug":"extracteur-de-anti-fumees-rotatif-eolien-en-inox-base-carree","status":"publish","type":"product","link":"https:\/\/www.chimneycowls.eu\/fr\/produit\/extracteur-de-anti-fumees-rotatif-eolien-en-inox-base-carree\/","title":{"rendered":"Extracteur de fum\u00e9es rotatif \u00e9olien en inox base carr\u00e9e"},"content":{"rendered":"<ul>\n<li>Fabricant :\u00a0KAMINAS HELLAS<\/li>\n<li>Construction en acier inoxydable<\/li>\n<li>R\u00e9siste \u00e0 des temp\u00e9ratures de combustion jusqu&rsquo;\u00e0 250\u00a0\u00b0 C<\/li>\n<li>Livr\u00e9 enti\u00e8rement assembl\u00e9 et pr\u00eat \u00e0 poser<\/li>\n<li>Form\u00e9 d&rsquo;un certificat de la CE (\u0395\u039b\u039f\u03a4 EN1856.01 \u2013 2010); (\u0395\u039b\u039f\u03a4 EN1856.02 \u2013 2009);<\/li>\n<li>Convient \u00e0 tous les types de combustibles<\/li>\n<li>Tr\u00e8s efficace pour pr\u00e9venir courant descendant et augmenter la ventilation<\/li>\n<li>Made in EU-Nouvelle<\/li>\n<li>Livraison gratuite<\/li>\n<\/ul>\n","protected":false},"excerpt":{"rendered":"<p>Le capot Spinner est con\u00e7u pour \u00e9radiquer courant descendant, tandis que l&rsquo;action de rotation assiste ventilation. Convient \u00e9galement pour une utilisation avec du charbon, du bois, du gaz, du p\u00e9trole et des carburants sans fum\u00e9e.<\/p>\n<p><strong>Livraison gratuite<\/strong><\/p>\n<p><strong>Appuyez <a href=\"https:\/\/www.chimneycowls.eu\/wp-content\/uploads\/2015\/pdf\/Laboratory-measurements-of-the-efficiency-of-the-spinner-cowl-2.pdf\" target=\"_blank\" rel=\"noopener noreferrer\">ici <\/a>pour les d\u00e9tails techniques<\/strong><\/p>\n<p><strong>Appuyez <a href=\"https:\/\/www.youtube.com\/watch?v=q1NiUrOIzls\" target=\"_blank\" rel=\"noopener noreferrer\">ici<\/a> pour la vid\u00e9o<\/strong><\/p>\n","protected":false},"featured_media":71856,"template":"","meta":{"_acf_changed":false},"product_cat":[83],"product_tag":[],"class_list":{"0":"post-68723","1":"product","2":"type-product","3":"status-publish","4":"has-post-thumbnail","6":"product_cat-cheminecowlsavecplaque","8":"first","9":"instock","10":"taxable","11":"shipping-taxable","12":"purchasable","13":"product-type-variable","14":"has-default-attributes"},"acf":[],"_links":{"self":[{"href":"https:\/\/www.chimneycowls.eu\/fr\/wp-json\/wp\/v2\/product\/68723"}],"collection":[{"href":"https:\/\/www.chimneycowls.eu\/fr\/wp-json\/wp\/v2\/product"}],"about":[{"href":"https:\/\/www.chimneycowls.eu\/fr\/wp-json\/wp\/v2\/types\/product"}],"wp:featuredmedia":[{"embeddable":true,"href":"https:\/\/www.chimneycowls.eu\/fr\/wp-json\/wp\/v2\/media\/71856"}],"wp:attachment":[{"href":"https:\/\/www.chimneycowls.eu\/fr\/wp-json\/wp\/v2\/media?parent=68723"}],"wp:term":[{"taxonomy":"product_cat","embeddable":true,"href":"https:\/\/www.chimneycowls.eu\/fr\/wp-json\/wp\/v2\/product_cat?post=68723"},{"taxonomy":"product_tag","embeddable":true,"href":"https:\/\/www.chimneycowls.eu\/fr\/wp-json\/wp\/v2\/product_tag?post=68723"}],"curies":[{"name":"wp","href":"https:\/\/api.w.org\/{rel}","templated":true}]}}