{"id":79004,"date":"2021-05-26T12:18:33","date_gmt":"2021-05-26T10:18:34","guid":{"rendered":"https:\/\/www.chimneycowls.eu\/?post_type=product&#038;p=79004"},"modified":"2021-05-26T12:53:48","modified_gmt":"2021-05-26T10:53:48","slug":"sombrerete-aspirador-giratorio-turbo-copy","status":"publish","type":"product","link":"https:\/\/www.chimneycowls.eu\/es\/producto\/sombrerete-aspirador-giratorio-turbo-copy\/","title":{"rendered":"Sombrerete Aspirador Giratorio TURBO 1 PALLET"},"content":{"rendered":"<p>Se instalan con facilidad en tejados y cubiertas, naves, silos, almacenes y en chimeneas de casas unifamiliares y comunidades de vecinos. Es una soluci\u00f3n ideal a problemas de olores colectivos en las ventilaciones naturales de ba\u00f1os y cocinas.<\/p>\n<p>Viviendas unifamiliares, comunidades de vecinos. Evita revocos de humos y eliminan malos olores. Soluci\u00f3n colectiva.<br \/>\nNaves industriales, locales. Proporcionando una renovaci\u00f3n constante. Evita acumulaci\u00f3n de calor, evacua gases, humos, polvo y olores.<br \/>\nVentajas:<\/p>\n<p>Sin gasto energ\u00e9tico y bajo mantenimiento. Los aspiradores e\u00f3licos no consumen energ\u00eda el\u00e9ctrica ni combustible, funcionan por acci\u00f3n del viento.<br \/>\nInstalaci\u00f3n r\u00e1pida y limpia, sin obras complicadas y sin necesidad de conexiones el\u00e9ctricas.<br \/>\nGran capacidad de extracci\u00f3n.<br \/>\nFuncionan 24 horas al d\u00eda.<br \/>\nAmplia gama de modelos.<br \/>\n\u2013 Son impermeables y f\u00e1cilmente adaptables a cualquier tipo de cubierta.<\/p>\n<p>Materiales: Acero inoxidable<br \/>\nFabricante:COSMOVENT INOX<br \/>\nTemperatura m\u00e1xima de trabajo: 250 \u00ba C.<br \/>\nProducto homologado con certificado europeo<br \/>\nExtractores giratorios homologados con marcado CE \u0395\u039d1856-1 ,305\/2011 \u0395U<\/p>\n<p>Ello te da garant\u00eda de funcionamiento y durabilidad.<br \/>\nExtractores con refuerzos en las aletas de las turbinas y en la parte superior de dicha turbina. Adem\u00e1s disponen de refuerzos interiores para que el eje no se pueda doblar y el giro sea siempre perfecto.<br \/>\nMuy silenciosos, bajo nivel sonoro en los giros.<\/p>\n","protected":false},"excerpt":{"rendered":"<p>Son dispositivos que, de una manera din\u00e1mica, utilizan la fuerza del viento para aumentar el tiro de la chimenea. La turbina gira siempre en la misma direcci\u00f3n, independientemente de la fuerza del viento o su direcci\u00f3n.<\/p>\n<p>Los extractores e\u00f3licos son la mejor elecci\u00f3n cuando existen necesidades de evacuaci\u00f3n de aire, calor, humo, polvo en suspensi\u00f3n, olores etc.<\/p>\n<p>1 PALLET 96 PCS \u00d884mm\/3.3\u00bb | 1 PALLET 96 PCS \u00d8104mm\/4.1\u00bb | 1 PALLET 96 PCS \u00d8124mm\/4.9\u00bb | 1 PALLET 96 PCS \u00d8129mm\/5.1\u00bb | 1 PALLET 96 PCS \u00d8134mm\/5.4\u00bb | 1 PALLET 96 PCS \u00d8154mm\/6.1\u00bb | 1 PALLET 96 PCS \u00d8164mm\/6.5\u00bb | 1 PALLET 96 PCS \u00d8184mm\/7.2\u00bb | 1 PALLET 96 PCS \u00d8204mm\/8\u00bb | 1 PALLET 30 PCS \u00d8234mm\/9.2\u00bb | 1 PALLET 30 PCS \u00d8254mm\/10\u00bb | 1 PALLET 30 PCS \u00d8304mm\/11.1\u00bb | 1 PALLET 30 PCS \u00d8354mm\/13,9\u00bb<\/p>\n<ul>\n<li>\u00a0<strong>Shipping<\/strong>\u00a0\u00a0<strong>EU: 5-14 working days<\/strong><\/li>\n<li><strong>Item location:<\/strong>\u00a0Thessaloniki, HELLAS<\/li>\n<li><strong>Postage to<\/strong>: Europe<\/li>\n<li><strong>Including VAT at 24% &amp; Shipping cost<\/strong><\/li>\n<\/ul>\n<p><strong>Press\u00a0<a href=\"https:\/\/www.chimneycowls.eu\/wp-content\/uploads\/2015\/pdf\/Laboratory-measurements-of-the-efficiency-of-the-spinner-cowl-2.pdf\" target=\"_blank\" rel=\"noopener noreferrer\">here\u00a0<\/a>for\u00a0technical details<\/strong><\/p>\n<p><strong>Press\u00a0<a href=\"https:\/\/www.youtube.com\/watch?v=PKUh4WHcbf0\" target=\"_blank\" rel=\"noopener noreferrer\">here\u00a0<\/a>for\u00a0Video<\/strong><\/p>\n","protected":false},"featured_media":69204,"template":"","meta":{"_acf_changed":false},"product_cat":[56],"product_tag":[273,274,275,276,277,278,279,280,281,282,283],"class_list":{"0":"post-79004","1":"product","2":"type-product","3":"status-publish","4":"has-post-thumbnail","6":"product_cat-chimeneacapuchasbaseredonda","7":"product_tag-aspirateur-de-fumee-eolien-es","8":"product_tag-cappello-eolico-inox-per-scarico-fumi-es","9":"product_tag-draaikap-rvs-turbo-es","10":"product_tag-extracteur-de-fumees-rotatif-eolien-en-inox-es","11":"product_tag-girandola-inox-es","12":"product_tag-kominova-odvetravaci-hlavice-es","13":"product_tag-obrotowa-nasada-kominowa-es","14":"product_tag-obrotowe-nasady-kominowe-es","15":"product_tag-palarie-rotativa-din-inox-es","16":"product_tag-palarii-cos-fum-inox-es","17":"product_tag-sombrerete-aspirador-giratorio-turbo-es","19":"first","20":"instock","21":"taxable","22":"shipping-taxable","23":"purchasable","24":"product-type-variable","25":"has-default-attributes"},"acf":[],"_links":{"self":[{"href":"https:\/\/www.chimneycowls.eu\/es\/wp-json\/wp\/v2\/product\/79004"}],"collection":[{"href":"https:\/\/www.chimneycowls.eu\/es\/wp-json\/wp\/v2\/product"}],"about":[{"href":"https:\/\/www.chimneycowls.eu\/es\/wp-json\/wp\/v2\/types\/product"}],"wp:featuredmedia":[{"embeddable":true,"href":"https:\/\/www.chimneycowls.eu\/es\/wp-json\/wp\/v2\/media\/69204"}],"wp:attachment":[{"href":"https:\/\/www.chimneycowls.eu\/es\/wp-json\/wp\/v2\/media?parent=79004"}],"wp:term":[{"taxonomy":"product_cat","embeddable":true,"href":"https:\/\/www.chimneycowls.eu\/es\/wp-json\/wp\/v2\/product_cat?post=79004"},{"taxonomy":"product_tag","embeddable":true,"href":"https:\/\/www.chimneycowls.eu\/es\/wp-json\/wp\/v2\/product_tag?post=79004"}],"curies":[{"name":"wp","href":"https:\/\/api.w.org\/{rel}","templated":true}]}}