{"id":76063,"date":"2019-05-20T15:03:09","date_gmt":"2019-05-20T13:03:15","guid":{"rendered":"https:\/\/www.chimneycowls.eu\/?post_type=product&#038;p=76063"},"modified":"2021-02-19T14:55:35","modified_gmt":"2021-02-19T12:55:35","slug":"extractor-dinamico-especial-para-barbacoas-hornos-y-estufas-2","status":"publish","type":"product","link":"https:\/\/www.chimneycowls.eu\/es\/producto\/extractor-dinamico-especial-para-barbacoas-hornos-y-estufas-2\/","title":{"rendered":"Extractor din\u00e1mico  especial para Barbacoas, Hornos y Estufas"},"content":{"rendered":"<p><strong>Caracter\u00edsticas:<\/strong><\/p>\n<ul>\n<li>Dispone de sistema de seguridad y refuerzos en los laterales.<\/li>\n<li>Evita la entrada de agua<\/li>\n<li>Material: acero inoxidable<\/li>\n<li>Di\u00e1metros disponibles: \u00d8 150 &#8211; \u00d8 200 &#8211; \u00d8 250 &#8211; \u00d8 300mm<\/li>\n<\/ul>\n","protected":false},"excerpt":{"rendered":"<p>Extractor din\u00e1mico que act\u00faa como un ventilador con la ayuda del viento, creando una depresi\u00f3n en el conducto y aumentando la velocidad de expulsi\u00f3n de los humos. Funciona incluso con bajas velocidades de viento.<\/p>\n<p>Aparatos especialmente indicados para ayudar en el tiro le\u00f1a que tienen poca altura de tiro en la chimenea. Es el complemento id\u00f3neo para ayudar en el tiro de la barbacoa, horno, hogar o estufa de le\u00f1a, as\u00ed como para evitar revoques de humo por acci\u00f3n del viento.<\/p>\n<p>El extractor giratorio est\u00e1 dise\u00f1ado especialmente para aplicaciones de le\u00f1a o pellet por su exclusivo sistema de rodamiento exterior, con lo que el humo y holl\u00edn no afecta al giro de la turbina.<\/p>\n<p><strong>Diferencias con otros extractores giratorios en el mercado:<\/strong><\/p>\n<ul>\n<li>Especialmente indicados para Barbacoas y Hornos.<\/li>\n<li>Extractores con refuerzos en las aletas de las turbinas y en la parte superior de dicha turbina. Adem\u00e1s disponen de refuerzos interiores para que el eje no se pueda doblar y el giro sea siempre perfecto.<\/li>\n<li>Muy silenciosos, bajo nivel sonoro en los giros.<\/li>\n<li>Sistema de rodamiento en el exterior, lo que permite que el holl\u00edn y humo no afecten a dicho rodamiento y a su funcionamiento. Garantizan una mayor durabilidad.<\/li>\n<li>Sistema de seguridad en los laterales<\/li>\n<\/ul>\n<p>&nbsp;<\/p>\n<ul>\n<li><strong>iva 24% y Env\u00edo incluido<\/strong><\/li>\n<li><strong>Plazo de entrega: 5-14 d\u00edas laborables m\u00e1ximo<\/strong><\/li>\n<\/ul>\n","protected":false},"featured_media":74319,"template":"","meta":{"_acf_changed":false},"product_cat":[56],"product_tag":[],"class_list":{"0":"post-76063","1":"product","2":"type-product","3":"status-publish","4":"has-post-thumbnail","6":"product_cat-chimeneacapuchasbaseredonda","8":"first","9":"instock","10":"taxable","11":"shipping-taxable","12":"purchasable","13":"product-type-variable","14":"has-default-attributes"},"acf":[],"_links":{"self":[{"href":"https:\/\/www.chimneycowls.eu\/es\/wp-json\/wp\/v2\/product\/76063"}],"collection":[{"href":"https:\/\/www.chimneycowls.eu\/es\/wp-json\/wp\/v2\/product"}],"about":[{"href":"https:\/\/www.chimneycowls.eu\/es\/wp-json\/wp\/v2\/types\/product"}],"wp:featuredmedia":[{"embeddable":true,"href":"https:\/\/www.chimneycowls.eu\/es\/wp-json\/wp\/v2\/media\/74319"}],"wp:attachment":[{"href":"https:\/\/www.chimneycowls.eu\/es\/wp-json\/wp\/v2\/media?parent=76063"}],"wp:term":[{"taxonomy":"product_cat","embeddable":true,"href":"https:\/\/www.chimneycowls.eu\/es\/wp-json\/wp\/v2\/product_cat?post=76063"},{"taxonomy":"product_tag","embeddable":true,"href":"https:\/\/www.chimneycowls.eu\/es\/wp-json\/wp\/v2\/product_tag?post=76063"}],"curies":[{"name":"wp","href":"https:\/\/api.w.org\/{rel}","templated":true}]}}