{"id":68802,"date":"2015-08-22T08:45:22","date_gmt":"2015-08-22T08:45:22","guid":{"rendered":"http:\/\/www.chimneycowls.eu\/product\/static-anti-draft-chimney-cowl__trashed-2-2\/"},"modified":"2020-03-05T18:22:40","modified_gmt":"2020-03-05T16:22:40","slug":"static-anti-draft-chimney-cowl__trashed-2","status":"publish","type":"product","link":"https:\/\/www.chimneycowls.eu\/es\/producto\/static-anti-draft-chimney-cowl__trashed-2\/","title":{"rendered":"Sombreretes para chimeneas antirrevoco"},"content":{"rendered":"<ul>\n<li>Materiales: Acero inoxidable<\/li>\n<li>fabricante:KAMINAS HELLAS<\/li>\n<li>Temperatura m\u00e1xima de trabajo: 400 \u00ba C.<\/li>\n<li>Producto homologado con certificado europeo<\/li>\n<li>CE (\u0395\u039b\u039f\u03a4 EN1856.01 \u2013 2010) (\u0395\u039b\u039f\u03a4 EN1856.02 \u2013 2009);<\/li>\n<li>Ello te da garant\u00eda de funcionamiento y durabilidad.<\/li>\n<li><strong>iva 24% y Env\u00edo incluido<\/strong><\/li>\n<li><strong>Plazo de entrega: 5-14 d\u00edas laborables m\u00e1ximo<\/strong><\/li>\n<li><\/li>\n<\/ul>\n","protected":false},"excerpt":{"rendered":"<p>Materiales: Acero inoxidable fabricante:KAMINAS HELLAS Temperatura m\u00e1xima de trabajo: 400 \u00ba C. Producto homologado con certificado europeo CE (\u0395\u039b\u039f\u03a4 EN1856.01 \u2013 2010) (\u0395\u039b\u039f\u03a4 EN1856.02 \u2013 2009); Ello te da garant\u00eda de funcionamiento y durabilidad. iva 24% y Env\u00edo incluido Plazo de entrega: 5-14 d\u00edas laborables m\u00e1ximo<\/p>\n","protected":false},"featured_media":67949,"template":"","meta":{"_acf_changed":false},"product_cat":[56],"product_tag":[],"class_list":{"0":"post-68802","1":"product","2":"type-product","3":"status-publish","4":"has-post-thumbnail","6":"product_cat-chimeneacapuchasbaseredonda","8":"first","9":"instock","10":"taxable","11":"shipping-taxable","12":"purchasable","13":"product-type-variable","14":"has-default-attributes"},"acf":[],"_links":{"self":[{"href":"https:\/\/www.chimneycowls.eu\/es\/wp-json\/wp\/v2\/product\/68802"}],"collection":[{"href":"https:\/\/www.chimneycowls.eu\/es\/wp-json\/wp\/v2\/product"}],"about":[{"href":"https:\/\/www.chimneycowls.eu\/es\/wp-json\/wp\/v2\/types\/product"}],"wp:featuredmedia":[{"embeddable":true,"href":"https:\/\/www.chimneycowls.eu\/es\/wp-json\/wp\/v2\/media\/67949"}],"wp:attachment":[{"href":"https:\/\/www.chimneycowls.eu\/es\/wp-json\/wp\/v2\/media?parent=68802"}],"wp:term":[{"taxonomy":"product_cat","embeddable":true,"href":"https:\/\/www.chimneycowls.eu\/es\/wp-json\/wp\/v2\/product_cat?post=68802"},{"taxonomy":"product_tag","embeddable":true,"href":"https:\/\/www.chimneycowls.eu\/es\/wp-json\/wp\/v2\/product_tag?post=68802"}],"curies":[{"name":"wp","href":"https:\/\/api.w.org\/{rel}","templated":true}]}}