{"id":68735,"date":"2016-10-01T09:33:17","date_gmt":"2016-10-01T09:33:17","guid":{"rendered":"http:\/\/www.chimneycowls.eu\/product\/spinner-anti-draft-chimney-cowl-2-2\/"},"modified":"2019-06-15T10:18:03","modified_gmt":"2019-06-15T08:18:03","slug":"sombrerete-aspirador-giratorio-turbo-de-base","status":"publish","type":"product","link":"https:\/\/www.chimneycowls.eu\/es\/producto\/sombrerete-aspirador-giratorio-turbo-de-base\/","title":{"rendered":"Sombrerete Aspirador Giratorio TURBO de base"},"content":{"rendered":"<ul>\n<li>Viviendas unifamiliares, comunidades de vecinos. Evita revocos de humos y eliminan malos olores. Soluci\u00f3n colectiva.<\/li>\n<li>Naves industriales, locales. Proporcionando una renovaci\u00f3n constante. Evita acumulaci\u00f3n de calor, evacua gases, humos, polvo y olores.<\/li>\n<\/ul>\n<p>Ventajas:<\/p>\n<ul>\n<li>Sin gasto energ\u00e9tico y bajo mantenimiento. Los aspiradores e\u00f3licos no consumen energ\u00eda el\u00e9ctrica ni combustible, funcionan por acci\u00f3n del viento.<\/li>\n<li>Instalaci\u00f3n r\u00e1pida y limpia, sin obras complicadas y sin necesidad de conexiones el\u00e9ctricas.<\/li>\n<li>Gran capacidad de extracci\u00f3n.<\/li>\n<li>Funcionan 24 horas al d\u00eda.<\/li>\n<li>Amplia gama de modelos.<\/li>\n<\/ul>\n<p>&#8211; Son impermeables y f\u00e1cilmente adaptables a cualquier tipo de cubierta.<\/p>\n<ul>\n<li>Materiales: Acero inoxidable<\/li>\n<li>fabricante:KAMINAS<\/li>\n<li>Temperatura m\u00e1xima de trabajo:\u00a0250\u00a0\u00ba C.<\/li>\n<li>Producto homologado con certificado europeo<\/li>\n<li>Extractores giratorios homologados con marcado CE (\u0395\u039b\u039f\u03a4 EN1856.01 \u2013 2010) \u00a0(\u0395\u039b\u039f\u03a4 EN1856.02 \u2013 2009); Ello te da garant\u00eda de funcionamiento y durabilidad.<\/li>\n<li>Extractores con refuerzos en las aletas de las turbinas y en la parte superior de dicha turbina. Adem\u00e1s disponen de refuerzos interiores para que el eje no se pueda doblar y el giro sea siempre perfecto.<\/li>\n<li>Muy silenciosos, bajo nivel sonoro en los giros.<\/li>\n<\/ul>\n","protected":false},"excerpt":{"rendered":"<p>Son dispositivos que, de una manera din\u00e1mica, utilizan la fuerza del viento para aumentar el tiro de la chimenea. La turbina gira siempre en la misma direcci\u00f3n, independientemente de la fuerza del viento o su direcci\u00f3n.<\/p>\n<p>Los extractores e\u00f3licos son la mejor elecci\u00f3n cuando existen necesidades de evacuaci\u00f3n de aire, calor, humo, polvo en suspensi\u00f3n, olores etc.<\/p>\n<p>Se instalan con facilidad en tejados y cubiertas, naves, silos, almacenes y en chimeneas de casas unifamiliares y comunidades de vecinos. Es una soluci\u00f3n ideal a problemas de olores colectivos en las ventilaciones naturales de ba\u00f1os y cocinas.<\/p>\n<ul>\n<li><strong>iva 24% y Env\u00edo incluido<\/strong><\/li>\n<li><strong>Plazo de entrega: 5-14 d\u00edas laborables m\u00e1ximo<\/strong><\/li>\n<\/ul>\n<p><strong>Presione <a href=\"https:\/\/www.chimneycowls.eu\/wp-content\/uploads\/2015\/pdf\/Laboratory-measurements-of-the-efficiency-of-the-spinner-cowl-2.pdf\" target=\"_blank\" rel=\"noopener noreferrer\">aqu\u00ed <\/a>para m\u00e1s detalles t\u00e9cnicos<\/strong><\/p>\n<p><strong>Presione <a href=\"https:\/\/www.youtube.com\/watch?v=plPWlDDFKWo\" target=\"_blank\" rel=\"noopener noreferrer\">aqu\u00ed<\/a> para video<\/strong><\/p>\n","protected":false},"featured_media":71861,"template":"","meta":{"_acf_changed":false},"product_cat":[87],"product_tag":[],"class_list":{"0":"post-68735","1":"product","2":"type-product","3":"status-publish","4":"has-post-thumbnail","6":"product_cat-chimeneacapuchasconplaca","8":"first","9":"instock","10":"taxable","11":"shipping-taxable","12":"purchasable","13":"product-type-variable","14":"has-default-attributes"},"acf":[],"_links":{"self":[{"href":"https:\/\/www.chimneycowls.eu\/es\/wp-json\/wp\/v2\/product\/68735"}],"collection":[{"href":"https:\/\/www.chimneycowls.eu\/es\/wp-json\/wp\/v2\/product"}],"about":[{"href":"https:\/\/www.chimneycowls.eu\/es\/wp-json\/wp\/v2\/types\/product"}],"wp:featuredmedia":[{"embeddable":true,"href":"https:\/\/www.chimneycowls.eu\/es\/wp-json\/wp\/v2\/media\/71861"}],"wp:attachment":[{"href":"https:\/\/www.chimneycowls.eu\/es\/wp-json\/wp\/v2\/media?parent=68735"}],"wp:term":[{"taxonomy":"product_cat","embeddable":true,"href":"https:\/\/www.chimneycowls.eu\/es\/wp-json\/wp\/v2\/product_cat?post=68735"},{"taxonomy":"product_tag","embeddable":true,"href":"https:\/\/www.chimneycowls.eu\/es\/wp-json\/wp\/v2\/product_tag?post=68735"}],"curies":[{"name":"wp","href":"https:\/\/api.w.org\/{rel}","templated":true}]}}