{"id":68159,"date":"2014-04-01T18:07:55","date_gmt":"2014-04-01T18:07:55","guid":{"rendered":"http:\/\/www.chimneycowls.eu\/contact-us-2\/"},"modified":"2016-10-14T20:02:34","modified_gmt":"2016-10-14T18:02:34","slug":"contact-us_es","status":"publish","type":"page","link":"https:\/\/www.chimneycowls.eu\/es\/contact-us_es\/","title":{"rendered":"Cont\u00e1ctenos"},"content":{"rendered":"<p>[vc_row][vc_column][vc_single_image image=\u00bb67340&#8243; img_size=\u00bbfull\u00bb alignment=\u00bbcenter\u00bb][\/vc_column][\/vc_row][vc_row][vc_column width=\u00bb2\/3&#8243;][vc_column_text css_animation=\u00bbleft-to-right\u00bb css=\u00bb.vc_custom_1440677057915{margin-bottom: 26px !important;}\u00bb]<\/p>\n<h3>P\u00f3ngase en contacto con nosotros<\/h3>\n<p>[\/vc_column_text][vc_column_text]<\/p>\n<p><strong>Si desea enviar el uso de correo electr\u00f3nico como una lengua de comunicaci\u00f3n Ingl\u00e9s<\/strong><\/p>\n<p>[\/vc_column_text]\n<div class=\"wpcf7 no-js\" id=\"wpcf7-f69018-o1\" lang=\"en-US\" dir=\"ltr\">\n<div class=\"screen-reader-response\"><p role=\"status\" aria-live=\"polite\" aria-atomic=\"true\"><\/p> <ul><\/ul><\/div>\n<form action=\"\/es\/wp-json\/wp\/v2\/pages\/68159#wpcf7-f69018-o1\" method=\"post\" class=\"wpcf7-form init\" aria-label=\"Contact form\" novalidate=\"novalidate\" data-status=\"init\">\n<div style=\"display: none;\">\n<input type=\"hidden\" name=\"_wpcf7\" value=\"69018\" \/>\n<input type=\"hidden\" name=\"_wpcf7_version\" value=\"5.9.8\" \/>\n<input type=\"hidden\" name=\"_wpcf7_locale\" value=\"en_US\" \/>\n<input type=\"hidden\" name=\"_wpcf7_unit_tag\" value=\"wpcf7-f69018-o1\" \/>\n<input type=\"hidden\" name=\"_wpcf7_container_post\" value=\"0\" \/>\n<input type=\"hidden\" name=\"_wpcf7_posted_data_hash\" value=\"\" \/>\n<input type=\"hidden\" name=\"_wpcf7_recaptcha_response\" value=\"\" \/>\n<\/div>\n<p><label> Your Name (required)<br \/>\n<span class=\"wpcf7-form-control-wrap\" data-name=\"your-name\"><input size=\"40\" maxlength=\"400\" class=\"wpcf7-form-control wpcf7-text wpcf7-validates-as-required\" aria-required=\"true\" aria-invalid=\"false\" value=\"\" type=\"text\" name=\"your-name\" \/><\/span> <\/label>\n<\/p>\n<p><label> Your Email (required)<br \/>\n<span class=\"wpcf7-form-control-wrap\" data-name=\"your-email\"><input size=\"40\" maxlength=\"400\" class=\"wpcf7-form-control wpcf7-email wpcf7-validates-as-required wpcf7-text wpcf7-validates-as-email\" aria-required=\"true\" aria-invalid=\"false\" value=\"\" type=\"email\" name=\"your-email\" \/><\/span> <\/label>\n<\/p>\n<p><label> Subject<br \/>\n<span class=\"wpcf7-form-control-wrap\" data-name=\"your-subject\"><input size=\"40\" maxlength=\"400\" class=\"wpcf7-form-control wpcf7-text\" aria-invalid=\"false\" value=\"\" type=\"text\" name=\"your-subject\" \/><\/span> <\/label>\n<\/p>\n<p><label> Your Message<br \/>\n<span class=\"wpcf7-form-control-wrap\" data-name=\"your-message\"><textarea cols=\"40\" rows=\"10\" maxlength=\"2000\" class=\"wpcf7-form-control wpcf7-textarea\" aria-invalid=\"false\" name=\"your-message\"><\/textarea><\/span> <\/label>\n<\/p>\n<p><label> Recaptcha<br \/>\n\t <\/label>\n<\/p>\n<p><input class=\"wpcf7-form-control wpcf7-submit has-spinner\" type=\"submit\" value=\"Send\" \/>\n<\/p><div class=\"wpcf7-response-output\" aria-hidden=\"true\"><\/div>\n<\/form>\n<\/div>\n[\/vc_column][vc_column width=\u00bb1\/3&#8243;][vc_column_text css_animation=\u00bbleft-to-right\u00bb css=\u00bb.vc_custom_1440688321323{margin-bottom: 30px !important;}\u00bb]<\/p>\n<h3>nuestras Ubicaciones<\/h3>\n<p>[\/vc_column_text][vc_column_text]<\/p>\n<h4>Karaoli &amp; Dimitriou 29,<br \/>\n56224\u00a0Evosmos,<br \/>\nSal\u00f3nica,<br \/>\nGrecia.<\/h4>\n<p><strong>Tel:<\/strong>\u00a0+30 2310 682524<\/p>\n<p><strong>Movil:\u00a0<\/strong>+30 6986676212<\/p>\n<p><strong>Fax<\/strong>:\u00a0+30 2310 682524<\/p>\n<p><strong>Email:<\/strong>\u00a0chimneycowls.eu@gmail.com[\/vc_column_text][\/vc_column][\/vc_row]<\/p>\n","protected":false},"excerpt":{"rendered":"<p>[vc_row][vc_column][vc_single_image image=\u00bb67340&#8243; img_size=\u00bbfull\u00bb alignment=\u00bbcenter\u00bb][\/vc_column][\/vc_row][vc_row][vc_column width=\u00bb2\/3&#8243;][vc_column_text css_animation=\u00bbleft-to-right\u00bb css=\u00bb.vc_custom_1440677057915{margin-bottom: 26px !important;}\u00bb] P\u00f3ngase en contacto con nosotros [\/vc_column_text][vc_column_text] Si desea enviar el uso de correo electr\u00f3nico como una lengua de comunicaci\u00f3n Ingl\u00e9s [\/vc_column_text][\/vc_column][vc_column width=\u00bb1\/3&#8243;][vc_column_text css_animation=\u00bbleft-to-right\u00bb css=\u00bb.vc_custom_1440688321323{margin-bottom: 30px !important;}\u00bb] nuestras Ubicaciones [\/vc_column_text][vc_column_text] Karaoli &amp; Dimitriou 29, 56224\u00a0Evosmos, Sal\u00f3nica, Grecia. Tel:\u00a0+30 2310 682524 Movil:\u00a0+30 6986676212 Fax:\u00a0+30 2310 682524 Email:\u00a0chimneycowls.eu@gmail.com[\/vc_column_text][\/vc_column][\/vc_row]<\/p>\n","protected":false},"author":1,"featured_media":0,"parent":0,"menu_order":0,"comment_status":"open","ping_status":"closed","template":"page-full-width.php","meta":{"_acf_changed":false,"footnotes":""},"class_list":["post-68159","page","type-page","status-publish","hentry"],"acf":[],"_links":{"self":[{"href":"https:\/\/www.chimneycowls.eu\/es\/wp-json\/wp\/v2\/pages\/68159"}],"collection":[{"href":"https:\/\/www.chimneycowls.eu\/es\/wp-json\/wp\/v2\/pages"}],"about":[{"href":"https:\/\/www.chimneycowls.eu\/es\/wp-json\/wp\/v2\/types\/page"}],"author":[{"embeddable":true,"href":"https:\/\/www.chimneycowls.eu\/es\/wp-json\/wp\/v2\/users\/1"}],"replies":[{"embeddable":true,"href":"https:\/\/www.chimneycowls.eu\/es\/wp-json\/wp\/v2\/comments?post=68159"}],"version-history":[{"count":7,"href":"https:\/\/www.chimneycowls.eu\/es\/wp-json\/wp\/v2\/pages\/68159\/revisions"}],"predecessor-version":[{"id":69026,"href":"https:\/\/www.chimneycowls.eu\/es\/wp-json\/wp\/v2\/pages\/68159\/revisions\/69026"}],"wp:attachment":[{"href":"https:\/\/www.chimneycowls.eu\/es\/wp-json\/wp\/v2\/media?parent=68159"}],"curies":[{"name":"wp","href":"https:\/\/api.w.org\/{rel}","templated":true}]}}