{"id":76340,"date":"2019-05-20T15:04:58","date_gmt":"2019-05-20T13:04:58","guid":{"rendered":"https:\/\/www.chimneycowls.eu\/product\/kominova-odvetravaci-hlavice-2\/"},"modified":"2020-05-14T11:09:18","modified_gmt":"2020-05-14T09:09:18","slug":"kominova-odvetravaci-hlavice-2","status":"publish","type":"product","link":"https:\/\/www.chimneycowls.eu\/cs\/produkt\/kominova-odvetravaci-hlavice-2\/","title":{"rendered":"KOM\u00cdNOV\u00c1 ODV\u011aTR\u00c1VAC\u00cd HLAVICE"},"content":{"rendered":"","protected":false},"excerpt":{"rendered":"<p>Popis produktu<br \/>\nRota\u010dn\u00ed hlavice se instaluje do vertik\u00e1ln\u00edho kom\u00ednov\u00e9ho pr\u016fduchu pro zlep\u0161en\u00ed tahu kom\u00ednu nebo tak\u00e9 na odv\u011btr\u00e1v\u00e1n\u00ed interi\u00e9r\u016f hal, sklad\u016f apod. Ventilace prob\u00edh\u00e1 jen pomoc\u00ed proud\u011bn\u00edm vzduchu a provoz t\u00e9to hlavice je tedy zcela bez n\u00e1klad\u016f.<\/p>\n<p>\u00da\u010dinn\u011b zvy\u0161uje tah kom\u00ednu, zamezuje zp\u011btn\u00fdm tah\u016fm jednosm\u011brn\u00fdm odvodem spalin<br \/>\nPodporuje zkvalitn\u011bn\u00ed ho\u0159en\u00ed, prodlu\u017euje \u017eivotnost kom\u00ednu<br \/>\nCelonerezov\u00e9 proveden\u00ed \u2013 vysok\u00e1 \u017eivotnost<br \/>\nSnadn\u00e1 mont\u00e1\u017e i \u00fadr\u017eba<br \/>\nProveden\u00ed pro upevn\u011bn\u00ed do roury<br \/>\nSlou\u017e\u00ed z\u00e1rove\u0148 jako mechanick\u00e1 ochrana \u00fast\u00ed kom\u00edna \u2013 zv\u011b\u0159, ptactvo, d\u00e9\u0161\u0165 aj.<br \/>\nVhodn\u00e1 tak\u00e9 na pr\u016fb\u011b\u017en\u00e9 odv\u011btr\u00e1v\u00e1n\u00ed prostor, hal, toalet, sklep\u016f atd.<\/p>\n<ul>\n<li>\u00a0<strong>Shipping<\/strong>\u00a0\u00a0<strong>EU: 5-14 working days<\/strong><\/li>\n<li><strong>Item location:<\/strong>\u00a0Thessaloniki, HELLAS<\/li>\n<li><strong>Postage to<\/strong>: Europe<\/li>\n<li><strong>Including VAT at 24% &amp; Shipping cost<\/strong><\/li>\n<\/ul>\n<p><strong>Press\u00a0<a href=\"https:\/\/www.chimneycowls.eu\/wp-content\/uploads\/2015\/pdf\/Laboratory-measurements-of-the-efficiency-of-the-spinner-cowl-2.pdf\" target=\"_blank\" rel=\"noopener noreferrer\">here\u00a0<\/a>for\u00a0technical details<\/strong><\/p>\n<p><strong>Press\u00a0<a href=\"https:\/\/www.youtube.com\/watch?v=PKUh4WHcbf0\" target=\"_blank\" rel=\"noopener noreferrer\">here\u00a0<\/a>for\u00a0Video<\/strong><\/p>\n","protected":false},"featured_media":75490,"template":"","meta":{"_acf_changed":false},"product_cat":[252],"product_tag":[256,365,358,359,357,364,363,261,362,361,360],"class_list":{"0":"post-76340","1":"product","2":"type-product","3":"status-publish","4":"has-post-thumbnail","6":"product_cat-kominove-cepice-kolem-zakladny","7":"product_tag-aspirateur-de-fumee-eolien-cs","8":"product_tag-cappello-eolico-inox-per-scarico-fumi-cs","9":"product_tag-draaikap-rvs-turbo-cs","10":"product_tag-extracteur-de-fumees-rotatif-eolien-en-inox-cs","11":"product_tag-girandola-inox-cs","12":"product_tag-kominova-odvetravaci-hlavice-cs","13":"product_tag-obrotowa-nasada-kominowa-cs","14":"product_tag-obrotowe-nasady-kominowe-cs","15":"product_tag-palarie-rotativa-din-inox-cs","16":"product_tag-palarii-cos-fum-inox-cs","17":"product_tag-sombrerete-aspirador-giratorio-turbo-cs","19":"first","20":"instock","21":"taxable","22":"shipping-taxable","23":"purchasable","24":"product-type-variable","25":"has-default-attributes"},"acf":[],"_links":{"self":[{"href":"https:\/\/www.chimneycowls.eu\/cs\/wp-json\/wp\/v2\/product\/76340"}],"collection":[{"href":"https:\/\/www.chimneycowls.eu\/cs\/wp-json\/wp\/v2\/product"}],"about":[{"href":"https:\/\/www.chimneycowls.eu\/cs\/wp-json\/wp\/v2\/types\/product"}],"wp:featuredmedia":[{"embeddable":true,"href":"https:\/\/www.chimneycowls.eu\/cs\/wp-json\/wp\/v2\/media\/75490"}],"wp:attachment":[{"href":"https:\/\/www.chimneycowls.eu\/cs\/wp-json\/wp\/v2\/media?parent=76340"}],"wp:term":[{"taxonomy":"product_cat","embeddable":true,"href":"https:\/\/www.chimneycowls.eu\/cs\/wp-json\/wp\/v2\/product_cat?post=76340"},{"taxonomy":"product_tag","embeddable":true,"href":"https:\/\/www.chimneycowls.eu\/cs\/wp-json\/wp\/v2\/product_tag?post=76340"}],"curies":[{"name":"wp","href":"https:\/\/api.w.org\/{rel}","templated":true}]}}