{"id":76048,"date":"2019-05-20T15:03:09","date_gmt":"2019-05-20T13:03:12","guid":{"rendered":"https:\/\/www.chimneycowls.eu\/?post_type=product&#038;p=76048"},"modified":"2021-02-19T14:57:50","modified_gmt":"2021-02-19T12:57:50","slug":"kominova-hlavice","status":"publish","type":"product","link":"https:\/\/www.chimneycowls.eu\/cs\/produkt\/kominova-hlavice\/","title":{"rendered":"Kom\u00ednov\u00e1 hlavice"},"content":{"rendered":"<p>Pou\u017eit\u00ed a v\u00fdhody<\/p>\n<p>podpora tahu kom\u00edn\u016f spot\u0159ebi\u010d\u016f na plynn\u00e1 paliva<br \/>\np\u0159i nep\u0159\u00edzniv\u00e9m um\u00edst\u011bn\u00ed kom\u00edna<br \/>\np\u0159i nep\u0159\u00edzniv\u00e9 konfiguraci ter\u00e9nu, nebo siln\u00fdch a \u010dast\u00fdch v\u011btrech<br \/>\np\u0159i \u0161patn\u00e9 stabilit\u011b tahu, nebo pokud je tah p\u0159\u00edli\u0161 mal\u00fd<br \/>\nzamezen\u00ed zp\u011btn\u00e9ho tahu do pr\u016fduchu<br \/>\npatentovan\u00e9 vn\u011bj\u0161\u00ed ulo\u017een\u00ed lo\u017eiska &#8211; jistota dlouh\u00e9 \u017eivotnosti<br \/>\nn\u00edzk\u00e9 po\u0159izovac\u00ed n\u00e1klady a prodlou\u017een\u00ed \u017eivotnosti kom\u00edna<br \/>\nst\u00e1l\u00e1 funkce bez ohledu na sm\u011br, s\u00edlu a druh v\u011btru<br \/>\nelegantn\u00ed prvek st\u0159echy s funkc\u00ed ochrany proti vn\u011bj\u0161\u00edm vliv\u016fm \u2013 d\u00e9\u0161\u0165, sn\u00edh, hlodavci, ptactvo<\/p>\n","protected":false},"excerpt":{"rendered":"<p>Kom\u00ednov\u00e1 hlavice spalinov\u00e1 do kom\u00edna, pr\u016fm\u011br 150,200,250,300 mm<br \/>\nKom\u00ednov\u00e1 hlavice spalinov\u00e1 je dynamick\u00e9 za\u0159\u00edzen\u00ed prov\u00e1d\u011bj\u00edc\u00ed kom\u00ednov\u00fd tah s vyu\u017eit\u00edm s\u00edly v\u011btru, bez pou\u017eit\u00ed elektrick\u00e9ho proudu.<\/p>\n<p>Montuje se na \u00fast\u00ed kom\u00edn\u016f pro spot\u0159ebi\u010de na plynn\u00e1 paliva. Kvalitn\u00ed ot\u00e1\u010den\u00ed zajist\u00ed lo\u017eiska s vysokoteplotn\u00edm olejem \u2013 maxim\u00e1ln\u00ed pracovn\u00ed teplota je 250\u00b0C. Um\u00edst\u011bn\u00ed lo\u017eiska mimo oblast dosahu spalin umo\u017en\u00ed vy\u0161\u0161\u00ed pracovn\u00ed teplotu.<\/p>\n<ul>\n<li><strong>Included\u00a0Shipping\u00a0and\u00a0VAT 24% in\u00a0Pricing<\/strong><\/li>\n<li><strong>Postage to<\/strong>: Europe<strong>Press\u00a0<a href=\"https:\/\/www.youtube.com\/watch?v=l330JaWviRk&amp;feature=youtu.be\" target=\"_blank\" rel=\"noopener noreferrer\">here\u00a0<\/a>for Video<\/strong><\/li>\n<li><strong>EU: 5-14 working days<\/strong><\/li>\n<\/ul>\n","protected":false},"featured_media":75588,"template":"","meta":{"_acf_changed":false},"product_cat":[252],"product_tag":[],"class_list":{"0":"post-76048","1":"product","2":"type-product","3":"status-publish","4":"has-post-thumbnail","6":"product_cat-kominove-cepice-kolem-zakladny","8":"first","9":"instock","10":"taxable","11":"shipping-taxable","12":"purchasable","13":"product-type-variable"},"acf":[],"_links":{"self":[{"href":"https:\/\/www.chimneycowls.eu\/cs\/wp-json\/wp\/v2\/product\/76048"}],"collection":[{"href":"https:\/\/www.chimneycowls.eu\/cs\/wp-json\/wp\/v2\/product"}],"about":[{"href":"https:\/\/www.chimneycowls.eu\/cs\/wp-json\/wp\/v2\/types\/product"}],"wp:featuredmedia":[{"embeddable":true,"href":"https:\/\/www.chimneycowls.eu\/cs\/wp-json\/wp\/v2\/media\/75588"}],"wp:attachment":[{"href":"https:\/\/www.chimneycowls.eu\/cs\/wp-json\/wp\/v2\/media?parent=76048"}],"wp:term":[{"taxonomy":"product_cat","embeddable":true,"href":"https:\/\/www.chimneycowls.eu\/cs\/wp-json\/wp\/v2\/product_cat?post=76048"},{"taxonomy":"product_tag","embeddable":true,"href":"https:\/\/www.chimneycowls.eu\/cs\/wp-json\/wp\/v2\/product_tag?post=76048"}],"curies":[{"name":"wp","href":"https:\/\/api.w.org\/{rel}","templated":true}]}}